{"id":389457,"date":"2023-01-12T15:55:18","date_gmt":"2023-01-12T14:55:18","guid":{"rendered":"https:\/\/byebadtattoo.com\/sion\/"},"modified":"2023-05-24T08:44:01","modified_gmt":"2023-05-24T06:44:01","slug":"sion","status":"publish","type":"page","link":"https:\/\/byebadtattoo.com\/es\/nuestros-centros\/sion\/","title":{"rendered":"Sion"},"content":{"rendered":"<p>[et_pb_section fb_built=\u00bb1&#8243; admin_label=\u00bbSection &#8211; 3-9 Header Divi Layout Kit &#8211; BG Image 1900&#215;1160 Pixels\u00bb module_class=\u00bbheader3&#8243; _builder_version=\u00bb4.20.2&#8243; use_background_color_gradient=\u00bbon\u00bb background_color_gradient_direction=\u00bb105deg\u00bb background_color_gradient_stops=\u00bb#094263 41%|rgba(41,196,169,0) 41%\u00bb background_color_gradient_overlays_image=\u00bbon\u00bb background_image=\u00bbhttps:\/\/byebadtattoo.com\/wp-content\/uploads\/2023\/03\/centre.jpg\u00bb background_position=\u00bbcenter_left\u00bb custom_padding=\u00bb||195px|||\u00bb hover_enabled=\u00bb0&#8243; global_colors_info=\u00bb{}\u00bb sticky_enabled=\u00bb0&#8243; background_last_edited=\u00bbon|phone\u00bb background_position_phone=\u00bbcenter_right\u00bb background_color_gradient_stops_phone=\u00bbrgba(9,66,99,0.44) 41%|rgba(41,196,169,0) 100%\u00bb use_background_color_gradient_phone=\u00bbon\u00bb][et_pb_row column_structure=\u00bb2_3,1_3&#8243; use_custom_gutter=\u00bbon\u00bb gutter_width=\u00bb1&#8243; custom_padding_last_edited=\u00bbon|phone\u00bb admin_label=\u00bbFila &#8211; 3-9 Cabecera Divi Layout Kit\u00bb _builder_version=\u00bb4.18.1&#8243; background_size=\u00bbinitial\u00bb background_position=\u00bbtop_left\u00bb background_repeat=\u00bbrepeat\u00bb custom_padding=\u00bb6vw||0vw|||\u00bb custom_padding_tablet=\u00bb6vw||6vw|\u00bb custom_padding_phone=\u00bb8vw||8vw|\u00bb custom_css_main_element=\u00bb max-width: 1442px;\u00bb global_colors_info=\u00bb{}\u00bb][et_pb_column type=\u00bb2_3&#8243; _builder_version=\u00bb4.16&#8243; custom_padding=\u00bb|||\u00bb global_colors_info=\u00bb{}\u00bb custom_padding__hover=\u00bb|||\u00bb][et_pb_cta title=\u00bbSion\u00bb admin_label=\u00bbCTA &#8211; Making it all make sense.\u00bb _builder_version=\u00bb4.20.2&#8243; header_level=\u00bbh1&#8243; header_font=\u00bbPoppins|200|||||||\u00bb header_font_size=\u00bb5.3vw\u00bb body_font=\u00bbPoppins||||||||\u00bb body_text_color=\u00bb#E51B42&#8243; body_font_size=\u00bb20&#8243; use_background_color=\u00bboff\u00bb background_size=\u00bbinitial\u00bb background_position=\u00bbtop_left\u00bb background_repeat=\u00bbrepeat\u00bb text_orientation=\u00bbleft\u00bb custom_margin=\u00bb0px||0px||false|false\u00bb custom_padding=\u00bb0px||0px||false|false\u00bb header_font_size_tablet=\u00bb50&#8243; header_font_size_phone=\u00bb30&#8243; header_font_size_last_edited=\u00bbon|desktop\u00bb custom_css_promo_description=\u00bbmax-width: 570px;\u00bb custom_css_promo_title=\u00bbpadding-bottom:86px !important;||line-height: 90%;\u00bb global_colors_info=\u00bb{}\u00bb button_text_size__hover_enabled=\u00bboff\u00bb button_one_text_size__hover_enabled=\u00bboff\u00bb button_two_text_size__hover_enabled=\u00bboff\u00bb button_text_color__hover_enabled=\u00bboff\u00bb button_one_text_color__hover_enabled=\u00bboff\u00bb button_two_text_color__hover_enabled=\u00bboff\u00bb button_border_width__hover_enabled=\u00bboff\u00bb button_one_border_width__hover_enabled=\u00bboff\u00bb button_two_border_width__hover_enabled=\u00bboff\u00bb button_border_color__hover_enabled=\u00bboff\u00bb button_one_border_color__hover_enabled=\u00bboff\u00bb button_two_border_color__hover_enabled=\u00bboff\u00bb button_border_radius__hover_enabled=\u00bboff\u00bb button_one_border_radius__hover_enabled=\u00bboff\u00bb button_two_border_radius__hover_enabled=\u00bboff\u00bb button_letter_spacing__hover_enabled=\u00bboff\u00bb button_one_letter_spacing__hover_enabled=\u00bboff\u00bb button_two_letter_spacing__hover_enabled=\u00bboff\u00bb button_bg_color__hover_enabled=\u00bboff\u00bb button_one_bg_color__hover_enabled=\u00bboff\u00bb button_two_bg_color__hover_enabled=\u00bboff\u00bb][\/et_pb_cta][et_pb_text _builder_version=\u00bb4.20.2&#8243; _module_preset=\u00bbdefault\u00bb text_text_color=\u00bb#E51B42&#8243; text_font_size=\u00bb26px\u00bb custom_margin=\u00bb||||false|false\u00bb hover_enabled=\u00bb0&#8243; global_colors_info=\u00bb{}\u00bb text_orientation_last_edited=\u00bbon|phone\u00bb text_orientation_phone=\u00bbcenter\u00bb text_text_color_last_edited=\u00bbon|phone\u00bb text_text_color_phone=\u00bb#FFFFFF\u00bb sticky_enabled=\u00bb0&#8243; text_text_color_tablet=\u00bb#E51B42&#8243;]<\/p>\n<p>BYE BAD TATTOO<\/p>\n<p>[\/et_pb_text][\/et_pb_column][et_pb_column type=\u00bb1_3&#8243; _builder_version=\u00bb4.16&#8243; custom_padding=\u00bb|||\u00bb global_colors_info=\u00bb{}\u00bb custom_padding__hover=\u00bb|||\u00bb][\/et_pb_column][\/et_pb_row][\/et_pb_section][et_pb_section fb_built=\u00bb1&#8243; custom_padding_last_edited=\u00bbon|phone\u00bb admin_label=\u00bbKnow Girl Content &#8211; Tina\u00bb _builder_version=\u00bb4.19.5&#8243; background_enable_image=\u00bboff\u00bb background_size=\u00bbcontain\u00bb background_position=\u00bbcenter_left\u00bb background_horizontal_offset=\u00bb-9%\u00bb custom_padding=\u00bb62px||74px||false|false\u00bb custom_padding_tablet=\u00bb30px||20px||false|false\u00bb custom_padding_phone=\u00bb||30px||false|false\u00bb collapsed=\u00bboff\u00bb global_colors_info=\u00bb{}\u00bb][et_pb_row custom_padding_last_edited=\u00bbon|phone\u00bb admin_label=\u00bbPara cambiar el color de la l\u00ednea vaya a 01 configuraci\u00f3n del m\u00f3dulo &#8211; Avanzado &#8211; CSS personalizado &#8211; Antes de\u00bb _builder_version=\u00bb4.16&#8243; width=\u00bb90%\u00bb custom_padding_tablet=\u00bb||0px||false|false\u00bb custom_padding_phone=\u00bb\u00bb scroll_horizontal_motion=\u00bb35|50|50|65|4|0|-4&#8243; collapsed=\u00bboff\u00bb global_colors_info=\u00bb{}\u00bb][et_pb_column type=\u00bb4_4&#8243; _builder_version=\u00bb4.16&#8243; global_colors_info=\u00bb{}\u00bb][et_pb_image src=\u00bbhttps:\/\/byebadtattoo.com\/wp-content\/uploads\/2022\/10\/logo.png\u00bb title_text=\u00bblogotipo\u00bb align=\u00bbcenter\u00bb _builder_version=\u00bb4.20.2&#8243; _module_preset=\u00bbdefault\u00bb width=\u00bb21%\u00bb hover_enabled=\u00bb0&#8243; global_colors_info=\u00bb{}\u00bb width_last_edited=\u00bbon|phone\u00bb width_phone=\u00bb69%\u00bb sticky_enabled=\u00bb0&#8243; width_tablet=\u00bb21%\u00bb][\/et_pb_image][\/et_pb_column][\/et_pb_row][et_pb_row custom_padding_last_edited=\u00bbon|phone\u00bb admin_label=\u00bbKnow Girl Contenido &#8211; Tina &#8211; Fila\u00bb _builder_version=\u00bb4.20.2&#8243; width=\u00bb90%\u00bb max_width=\u00bb50%\u00bb custom_margin=\u00bb||||false|false\u00bb custom_margin_tablet=\u00bb||||false|false\u00bb custom_margin_phone=\u00bb17px||||false|false\u00bb custom_margin_last_edited=\u00bbon|desktop\u00bb custom_padding=\u00bb22px||||false|false\u00bb custom_padding_tablet=\u00bb0px||||false|false\u00bb custom_padding_phone=\u00bb||||false|false\u00bb hover_enabled=\u00bb0&#8243; global_colors_info=\u00bb{}\u00bb max_width_last_edited=\u00bbon|phone\u00bb max_width_phone=\u00bb90%\u00bb sticky_enabled=\u00bb0&#8243; max_width_tablet=\u00bb50%\u00bb][et_pb_column type=\u00bb4_4&#8243; _builder_version=\u00bb4.19.5&#8243; global_colors_info=\u00bb{}\u00bb][et_pb_text admin_label=\u00bbKnow Girl Content &#8211; Tina &#8211; Text\u00bb _builder_version=\u00bb4.20.2&#8243; text_font=\u00bbRoboto||||||||\u00bb text_text_color=\u00bbgcid-ca92701c-7dad-4210-b684-4f78141d2bab\u00bb text_font_size=\u00bb16px\u00bb text_line_height=\u00bb167%\u00bb text_orientation=\u00bbcenter\u00bb text_font_size_phone=\u00bb14px\u00bb text_font_size_last_edited=\u00bboff|phone\u00bb custom_css_main_element=\u00bb    font-weight: 400 !important;\u00bb global_colors_info=\u00bb{%22gcid-ca92701c-7dad-4210-b684-4f78141d2bab%22:%91%22text_text_color%22%93}\u00bb]<\/p>\n<p style=\"text-align: justify;\">En pleno centro de la ciudad de Sion, cerca de los transportes y de la Place du Midi, nuestro centro de eliminaci\u00f3n de tatuajes se encuentra en el Valais.<br \/>Bye Bad Tattoo le da la bienvenida a su centro de eliminaci\u00f3n de tatuajes de Sion, en un espacio c\u00f3modo y seguro.<br \/>Nuestro equipo de profesionales le recibir\u00e1 para un seguimiento personalizado, con paquetes adaptados a cada necesidad.<br \/>Elimine sus tatuajes en Sion benefici\u00e1ndose de la calidad de los servicios de Bye Bad Tattoo combinados con la \u00faltima tecnolog\u00eda en t\u00e9rminos de eliminaci\u00f3n de tatuajes.<\/p>\n<p>[\/et_pb_text][\/et_pb_column][\/et_pb_row][\/et_pb_section][et_pb_section fb_built=\u00bb1&#8243; _builder_version=\u00bb4.18.1&#8243; _module_preset=\u00bbdefault\u00bb background_color=\u00bbRGBA(255,255,255,0)\u00bb custom_padding=\u00bb0px||0px||true|false\u00bb global_colors_info=\u00bb{}\u00bb][et_pb_row column_structure=\u00bb1_2,1_2&#8243; use_custom_gutter=\u00bbon\u00bb gutter_width=\u00bb1&#8243; make_equal=\u00bbon\u00bb _builder_version=\u00bb4.18.1&#8243; _module_preset=\u00bbdefault\u00bb width=\u00bb100%\u00bb max_width=\u00bb100%\u00bb custom_padding=\u00bb1px||0px||false|true\u00bb global_colors_info=\u00bb{}\u00bb][et_pb_column type=\u00bb1_2&#8243; _builder_version=\u00bb4.18.1&#8243; _module_preset=\u00bbdefault\u00bb background_color=\u00bb#0ba0c1&#8243; background_image=\u00bbhttps:\/\/byebadtattoo.com\/wp-content\/uploads\/2023\/01\/sombre-texte.jpg\u00bb background_blend=\u00bbmultiply\u00bb custom_padding=\u00bb4%|4%|4%|11%|true|false\u00bb custom_padding_tablet=\u00bb4%|4%|4%|11%|true|false\u00bb custom_padding_phone=\u00bb|||7%|true|false\u00bb custom_padding_last_edited=\u00bbon|phone\u00bb custom_css_main_element=\u00bbdisplay: flex;||flex-direction: column;||justify-content: center;\u00bb global_colors_info=\u00bb{}\u00bb][et_pb_button button_url=\u00bbhttps:\/\/reservenlignesion.versum.com\/?trade=798189&#8243; url_new_window=\u00bbon\u00bb button_text=\u00bbPEDIR CITA\u00bb _builder_version=\u00bb4.20.2&#8243; _module_preset=\u00bbdefault\u00bb custom_button=\u00bbon\u00bb button_text_size=\u00bb17px\u00bb button_text_color=\u00bb#FFFFFF\u00bb button_bg_color=\u00bb#E51B42&#8243; button_border_width=\u00bb0px\u00bb button_border_radius=\u00bb45px\u00bb custom_margin=\u00bb29px||||false|false\u00bb global_colors_info=\u00bb{}\u00bb][\/et_pb_button][et_pb_text _builder_version=\u00bb4.20.2&#8243; _module_preset=\u00bbdefault\u00bb text_text_color=\u00bb#FFFFFF\u00bb header_3_text_color=\u00bb#E51B42&#8243; custom_margin=\u00bb23px||||false|false\u00bb global_colors_info=\u00bb{}\u00bb]<\/p>\n<h3>DIRECCI\u00d3N<\/h3>\n<p>Rue Chanoine Berchtold 7,<br \/>1950 Si\u00f3n<br \/>Tel. : <strong>+41(0) 27 525 72 27<\/strong><\/p>\n<p><strong><\/strong><\/p>\n<h3>HORARIO DE APERTURA<\/h3>\n<p>Abierto con cita previa de lunes a s\u00e1bado<\/p>\n<h3><\/h3>\n<h3>ACCESO<\/h3>\n<p><strong>Aparcamiento<\/strong>: P\u00fablico Avenue des Mayennets 7 (1 minuto a pie)<br \/>Manor, Avenue du Midi 3 (4 minutos a pie)<br \/><strong>Estaci\u00f3n de tren de Sion<\/strong>: 3 minutos a pie<\/p>\n<p>[\/et_pb_text][\/et_pb_column][et_pb_column type=\u00bb1_2&#8243; _builder_version=\u00bb4.18.1&#8243; _module_preset=\u00bbdefault\u00bb global_colors_info=\u00bb{}\u00bb][et_pb_code _builder_version=\u00bb4.20.2&#8243; _module_preset=\u00bbdefault\u00bb global_colors_info=\u00bb{}\u00bb]<iframe src=\"https:\/\/www.google.com\/maps\/embed?pb=!1m14!1m8!1m3!1d5520.1294041003375!2d7.359850000000001!3d46.229058!3m2!1i1024!2i768!4f13.1!3m3!1m2!1s0x478edd875feccb6f%3A0xa1ac9f650a1de666!2sAtelier%20du%20Regard%20Sion%20Sourcils%2C%20Microblading%2C%20Extensions%20cils%2C!5e0!3m2!1sfr!2sfr!4v1679489391102!5m2!1sfr!2sfr\" width=\"100%\" height=\"650\" style=\"border:0;\" allowfullscreen=\"\" loading=\"lazy\" referrerpolicy=\"no-referrer-when-downgrade\"><\/iframe>[\/et_pb_code][\/et_pb_column][\/et_pb_row][\/et_pb_section][et_pb_section fb_built=\u00bb1&#8243; _builder_version=\u00bb4.19.5&#8243; _module_preset=\u00bbdefault\u00bb global_colors_info=\u00bb{}\u00bb][et_pb_row _builder_version=\u00bb4.20.2&#8243; _module_preset=\u00bbdefault\u00bb max_width=\u00bb80%\u00bb hover_enabled=\u00bb0&#8243; global_colors_info=\u00bb{}\u00bb max_width_last_edited=\u00bbon|phone\u00bb max_width_phone=\u00bb90%\u00bb width_last_edited=\u00bbon|phone\u00bb width_phone=\u00bb90%\u00bb sticky_enabled=\u00bb0&#8243; max_width_tablet=\u00bb80%\u00bb][et_pb_column type=\u00bb4_4&#8243; _builder_version=\u00bb4.19.5&#8243; _module_preset=\u00bbdefault\u00bb global_colors_info=\u00bb{}\u00bb][dsm_masonry_gallery gallery_ids=\u00bb387956&#8243; use_lightbox=\u00bbon\u00bb _builder_version=\u00bb4.20.2&#8243; _module_preset=\u00bbdefault\u00bb hover_enabled=\u00bb0&#8243; global_colors_info=\u00bb{}\u00bb columns_last_edited=\u00bbon|phone\u00bb columns_phone=\u00bb2&#8243; sticky_enabled=\u00bb0&#8243;][\/dsm_masonry_gallery][\/et_pb_column][\/et_pb_row][\/et_pb_section]<\/p>\n","protected":false},"excerpt":{"rendered":"<p>BYE BAD TATTOOEn pleno centro de la ciudad de Sion, cerca de los transportes y de la Place du Midi, nuestro centro de eliminaci\u00f3n de tatuajes se encuentra en el Valais.Bye Bad Tattoo le da la bienvenida a su centro de eliminaci\u00f3n de tatuajes de Sion, en un espacio c\u00f3modo y seguro.Nuestro equipo de profesionales le recibir\u00e1 para un seguimiento personalizado, con paquetes adaptados a cada necesidad.Elimine sus tatuajes en Sion benefici\u00e1ndose de la calidad de los servicios de Bye Bad Tattoo combinados con la \u00faltima tecnolog\u00eda en t\u00e9rminos de eliminaci\u00f3n de tatuajes.DIRECCI\u00d3N Rue Chanoine Berchtold 7,1950 Si\u00f3nTel. : +41(0) 27 525 72 27 HORARIO DE APERTURA Abierto con cita previa de lunes a s\u00e1bado ACCESO Aparcamiento: P\u00fablico Avenue des Mayennets 7 (1 minuto a pie)Manor, Avenue du Midi 3 (4 minutos a pie)Estaci\u00f3n de tren de Sion: 3 minutos a pie<div class=\"et_pb_module dsm_masonry_gallery dsm_masonry_gallery_0\">\n\t\t\t\t\n\t\t\t\t\n\t\t\t\t\n\t\t\t\t\n\t\t\t\t\n\t\t\t\t\n\t\t\t\t<div class=\"et_pb_module_inner\">\n\t\t\t\t\t<div class=\"dsm-gallery grid\" data-lightbox=\"true\" data-horizontalorder=\"true\">\n                <div class=\"grid-sizer\"><\/div><div class=\"gutter-sizer\"><\/div><div class=\"grid-item\">\n                    <a href=\"https:\/\/byebadtattoo.com\/wp-content\/uploads\/2023\/03\/lausanne.jpg\"  data-title='effacer-tatouage-lausanne'  data-caption='' data-mfp-src=\"https:\/\/byebadtattoo.com\/wp-content\/uploads\/2023\/03\/lausanne.jpg\">\n                        <div class=\"et_pb_image_wrap\">\n                            <img loading=\"lazy\" decoding=\"async\" src=\"https:\/\/byebadtattoo.com\/wp-content\/uploads\/2023\/03\/lausanne.jpg\" title=\"effacer-tatouage-lausanne\" alt=\"\" class=\"dsm-skip-lazyload\" srcset=\"https:\/\/byebadtattoo.com\/wp-content\/uploads\/2023\/03\/lausanne.jpg 450w, https:\/\/byebadtattoo.com\/wp-content\/uploads\/2023\/03\/lausanne-200x300.jpg 200w\" sizes=\"(max-width: 450px) 100vw, 450px\" width=\"450\" height=\"675\" \/>\n                            \n                        <\/div>\n                    <\/a>\n                <\/div>\n             <\/div>\n\t\t\t\t<\/div>\n\t\t\t<\/div><\/p>\n","protected":false},"author":1,"featured_media":0,"parent":389469,"menu_order":0,"comment_status":"closed","ping_status":"closed","template":"","meta":{"_et_pb_use_builder":"on","_et_pb_old_content":"","_et_gb_content_width":"","footnotes":""},"class_list":["post-389457","page","type-page","status-publish","hentry"],"yoast_head":"<!-- This site is optimized with the Yoast SEO plugin v27.0 - https:\/\/yoast.com\/product\/yoast-seo-wordpress\/ -->\n<title>Sion - BYE BAD TATTOO<\/title>\n<meta name=\"robots\" content=\"index, follow, max-snippet:-1, max-image-preview:large, max-video-preview:-1\" \/>\n<link rel=\"canonical\" href=\"https:\/\/byebadtattoo.com\/es\/sion\/\" \/>\n<meta property=\"og:locale\" content=\"es_ES\" \/>\n<meta property=\"og:type\" content=\"article\" \/>\n<meta property=\"og:title\" content=\"Sion - BYE BAD TATTOO\" \/>\n<meta property=\"og:description\" content=\"BYE BAD TATTOOEn pleno centro de la ciudad de Sion, cerca de los transportes y de la Place du Midi, nuestro centro de eliminaci\u00f3n de tatuajes se encuentra en el Valais.Bye Bad Tattoo le da la bienvenida a su centro de eliminaci\u00f3n de tatuajes de Sion, en un espacio c\u00f3modo y seguro.Nuestro equipo de profesionales le recibir\u00e1 para un seguimiento personalizado, con paquetes adaptados a cada necesidad.Elimine sus tatuajes en Sion benefici\u00e1ndose de la calidad de los servicios de Bye Bad Tattoo combinados con la \u00faltima tecnolog\u00eda en t\u00e9rminos de eliminaci\u00f3n de tatuajes.DIRECCI\u00d3N Rue Chanoine Berchtold 7,1950 Si\u00f3nTel. : +41(0) 27 525 72 27 HORARIO DE APERTURA Abierto con cita previa de lunes a s\u00e1bado ACCESO Aparcamiento: P\u00fablico Avenue des Mayennets 7 (1 minuto a pie)Manor, Avenue du Midi 3 (4 minutos a pie)Estaci\u00f3n de tren de Sion: 3 minutos a pie\" \/>\n<meta property=\"og:url\" content=\"https:\/\/byebadtattoo.com\/es\/sion\/\" \/>\n<meta property=\"og:site_name\" content=\"BYE BAD TATTOO\" \/>\n<meta property=\"article:publisher\" content=\"https:\/\/www.facebook.com\/byebadtattoo\" \/>\n<meta property=\"article:modified_time\" content=\"2023-05-24T06:44:01+00:00\" \/>\n<meta name=\"twitter:card\" content=\"summary_large_image\" \/>\n<meta name=\"twitter:label1\" content=\"Tiempo de lectura\" \/>\n\t<meta name=\"twitter:data1\" content=\"7 minutos\" \/>\n<script type=\"application\/ld+json\" class=\"yoast-schema-graph\">{\"@context\":\"https:\/\/schema.org\",\"@graph\":[{\"@type\":\"WebPage\",\"@id\":\"https:\/\/byebadtattoo.com\/es\/sion\/\",\"url\":\"https:\/\/byebadtattoo.com\/es\/sion\/\",\"name\":\"Sion - BYE BAD TATTOO\",\"isPartOf\":{\"@id\":\"https:\/\/byebadtattoo.com\/#website\"},\"datePublished\":\"2023-01-12T14:55:18+00:00\",\"dateModified\":\"2023-05-24T06:44:01+00:00\",\"breadcrumb\":{\"@id\":\"https:\/\/byebadtattoo.com\/es\/sion\/#breadcrumb\"},\"inLanguage\":\"es\",\"potentialAction\":[{\"@type\":\"ReadAction\",\"target\":[\"https:\/\/byebadtattoo.com\/es\/sion\/\"]}]},{\"@type\":\"BreadcrumbList\",\"@id\":\"https:\/\/byebadtattoo.com\/es\/sion\/#breadcrumb\",\"itemListElement\":[{\"@type\":\"ListItem\",\"position\":1,\"name\":\"Accueil\",\"item\":\"https:\/\/byebadtattoo.com\/es\/inicio\/\"},{\"@type\":\"ListItem\",\"position\":2,\"name\":\"Sion\"}]},{\"@type\":\"WebSite\",\"@id\":\"https:\/\/byebadtattoo.com\/#website\",\"url\":\"https:\/\/byebadtattoo.com\/\",\"name\":\"BYE BAD TATTOO\",\"description\":\"TATTOO REMOVAL CLINIC\",\"publisher\":{\"@id\":\"https:\/\/byebadtattoo.com\/#organization\"},\"potentialAction\":[{\"@type\":\"SearchAction\",\"target\":{\"@type\":\"EntryPoint\",\"urlTemplate\":\"https:\/\/byebadtattoo.com\/?s={search_term_string}\"},\"query-input\":{\"@type\":\"PropertyValueSpecification\",\"valueRequired\":true,\"valueName\":\"search_term_string\"}}],\"inLanguage\":\"es\"},{\"@type\":\"Organization\",\"@id\":\"https:\/\/byebadtattoo.com\/#organization\",\"name\":\"BYE BAD TATTOO\",\"url\":\"https:\/\/byebadtattoo.com\/\",\"logo\":{\"@type\":\"ImageObject\",\"inLanguage\":\"es\",\"@id\":\"https:\/\/byebadtattoo.com\/#\/schema\/logo\/image\/\",\"url\":\"https:\/\/byebadtattoo.com\/wp-content\/uploads\/2022\/10\/logo.png\",\"contentUrl\":\"https:\/\/byebadtattoo.com\/wp-content\/uploads\/2022\/10\/logo.png\",\"width\":650,\"height\":650,\"caption\":\"BYE BAD TATTOO\"},\"image\":{\"@id\":\"https:\/\/byebadtattoo.com\/#\/schema\/logo\/image\/\"},\"sameAs\":[\"https:\/\/www.facebook.com\/byebadtattoo\",\"https:\/\/www.instagram.com\/byebadtattoo\/\"]}]}<\/script>\n<!-- \/ Yoast SEO plugin. -->","yoast_head_json":{"title":"Sion - BYE BAD TATTOO","robots":{"index":"index","follow":"follow","max-snippet":"max-snippet:-1","max-image-preview":"max-image-preview:large","max-video-preview":"max-video-preview:-1"},"canonical":"https:\/\/byebadtattoo.com\/es\/sion\/","og_locale":"es_ES","og_type":"article","og_title":"Sion - BYE BAD TATTOO","og_description":"BYE BAD TATTOOEn pleno centro de la ciudad de Sion, cerca de los transportes y de la Place du Midi, nuestro centro de eliminaci\u00f3n de tatuajes se encuentra en el Valais.Bye Bad Tattoo le da la bienvenida a su centro de eliminaci\u00f3n de tatuajes de Sion, en un espacio c\u00f3modo y seguro.Nuestro equipo de profesionales le recibir\u00e1 para un seguimiento personalizado, con paquetes adaptados a cada necesidad.Elimine sus tatuajes en Sion benefici\u00e1ndose de la calidad de los servicios de Bye Bad Tattoo combinados con la \u00faltima tecnolog\u00eda en t\u00e9rminos de eliminaci\u00f3n de tatuajes.DIRECCI\u00d3N Rue Chanoine Berchtold 7,1950 Si\u00f3nTel. : +41(0) 27 525 72 27 HORARIO DE APERTURA Abierto con cita previa de lunes a s\u00e1bado ACCESO Aparcamiento: P\u00fablico Avenue des Mayennets 7 (1 minuto a pie)Manor, Avenue du Midi 3 (4 minutos a pie)Estaci\u00f3n de tren de Sion: 3 minutos a pie","og_url":"https:\/\/byebadtattoo.com\/es\/sion\/","og_site_name":"BYE BAD TATTOO","article_publisher":"https:\/\/www.facebook.com\/byebadtattoo","article_modified_time":"2023-05-24T06:44:01+00:00","twitter_card":"summary_large_image","twitter_misc":{"Tiempo de lectura":"7 minutos"},"schema":{"@context":"https:\/\/schema.org","@graph":[{"@type":"WebPage","@id":"https:\/\/byebadtattoo.com\/es\/sion\/","url":"https:\/\/byebadtattoo.com\/es\/sion\/","name":"Sion - BYE BAD TATTOO","isPartOf":{"@id":"https:\/\/byebadtattoo.com\/#website"},"datePublished":"2023-01-12T14:55:18+00:00","dateModified":"2023-05-24T06:44:01+00:00","breadcrumb":{"@id":"https:\/\/byebadtattoo.com\/es\/sion\/#breadcrumb"},"inLanguage":"es","potentialAction":[{"@type":"ReadAction","target":["https:\/\/byebadtattoo.com\/es\/sion\/"]}]},{"@type":"BreadcrumbList","@id":"https:\/\/byebadtattoo.com\/es\/sion\/#breadcrumb","itemListElement":[{"@type":"ListItem","position":1,"name":"Accueil","item":"https:\/\/byebadtattoo.com\/es\/inicio\/"},{"@type":"ListItem","position":2,"name":"Sion"}]},{"@type":"WebSite","@id":"https:\/\/byebadtattoo.com\/#website","url":"https:\/\/byebadtattoo.com\/","name":"BYE BAD TATTOO","description":"TATTOO REMOVAL CLINIC","publisher":{"@id":"https:\/\/byebadtattoo.com\/#organization"},"potentialAction":[{"@type":"SearchAction","target":{"@type":"EntryPoint","urlTemplate":"https:\/\/byebadtattoo.com\/?s={search_term_string}"},"query-input":{"@type":"PropertyValueSpecification","valueRequired":true,"valueName":"search_term_string"}}],"inLanguage":"es"},{"@type":"Organization","@id":"https:\/\/byebadtattoo.com\/#organization","name":"BYE BAD TATTOO","url":"https:\/\/byebadtattoo.com\/","logo":{"@type":"ImageObject","inLanguage":"es","@id":"https:\/\/byebadtattoo.com\/#\/schema\/logo\/image\/","url":"https:\/\/byebadtattoo.com\/wp-content\/uploads\/2022\/10\/logo.png","contentUrl":"https:\/\/byebadtattoo.com\/wp-content\/uploads\/2022\/10\/logo.png","width":650,"height":650,"caption":"BYE BAD TATTOO"},"image":{"@id":"https:\/\/byebadtattoo.com\/#\/schema\/logo\/image\/"},"sameAs":["https:\/\/www.facebook.com\/byebadtattoo","https:\/\/www.instagram.com\/byebadtattoo\/"]}]}},"_links":{"self":[{"href":"https:\/\/byebadtattoo.com\/es\/wp-json\/wp\/v2\/pages\/389457","targetHints":{"allow":["GET"]}}],"collection":[{"href":"https:\/\/byebadtattoo.com\/es\/wp-json\/wp\/v2\/pages"}],"about":[{"href":"https:\/\/byebadtattoo.com\/es\/wp-json\/wp\/v2\/types\/page"}],"author":[{"embeddable":true,"href":"https:\/\/byebadtattoo.com\/es\/wp-json\/wp\/v2\/users\/1"}],"replies":[{"embeddable":true,"href":"https:\/\/byebadtattoo.com\/es\/wp-json\/wp\/v2\/comments?post=389457"}],"version-history":[{"count":1,"href":"https:\/\/byebadtattoo.com\/es\/wp-json\/wp\/v2\/pages\/389457\/revisions"}],"predecessor-version":[{"id":389465,"href":"https:\/\/byebadtattoo.com\/es\/wp-json\/wp\/v2\/pages\/389457\/revisions\/389465"}],"up":[{"embeddable":true,"href":"https:\/\/byebadtattoo.com\/es\/wp-json\/wp\/v2\/pages\/389469"}],"wp:attachment":[{"href":"https:\/\/byebadtattoo.com\/es\/wp-json\/wp\/v2\/media?parent=389457"}],"curies":[{"name":"wp","href":"https:\/\/api.w.org\/{rel}","templated":true}]}}