{"id":389474,"date":"2023-02-07T13:57:48","date_gmt":"2023-02-07T12:57:48","guid":{"rendered":"https:\/\/byebadtattoo.com\/antes-despues\/"},"modified":"2023-05-24T08:43:58","modified_gmt":"2023-05-24T06:43:58","slug":"antes-despues","status":"publish","type":"page","link":"https:\/\/byebadtattoo.com\/es\/antes-despues\/","title":{"rendered":"Antes Despu\u00e9s"},"content":{"rendered":"<p>[et_pb_section fb_built=\u00bb1&#8243; admin_label=\u00bbSection &#8211; 3-9 Header Divi Layout Kit &#8211; BG Image 1900&#215;1160 Pixels\u00bb module_class=\u00bbheader3&#8243; _builder_version=\u00bb4.20.2&#8243; use_background_color_gradient=\u00bbon\u00bb background_color_gradient_direction=\u00bb117deg\u00bb background_color_gradient_stops=\u00bbrgba(9,66,99,0.49) 44%|rgba(41,196,169,0) 100%\u00bb background_color_gradient_overlays_image=\u00bbon\u00bb background_image=\u00bbhttps:\/\/byebadtattoo.com\/wp-content\/uploads\/2023\/03\/av-ap-header.jpg\u00bb background_position=\u00bbcenter_right\u00bb custom_padding=\u00bb||195px|||\u00bb global_colors_info=\u00bb{}\u00bb][et_pb_row column_structure=\u00bb2_3,1_3&#8243; use_custom_gutter=\u00bbon\u00bb gutter_width=\u00bb1&#8243; custom_padding_last_edited=\u00bbon|phone\u00bb admin_label=\u00bbFila &#8211; 3-9 Cabecera Divi Layout Kit\u00bb _builder_version=\u00bb4.18.1&#8243; background_size=\u00bbinitial\u00bb background_position=\u00bbtop_left\u00bb background_repeat=\u00bbrepeat\u00bb custom_padding=\u00bb6vw||0vw|||\u00bb custom_padding_tablet=\u00bb6vw||6vw|\u00bb custom_padding_phone=\u00bb8vw||8vw|\u00bb custom_css_main_element=\u00bb max-width: 1442px;\u00bb global_colors_info=\u00bb{}\u00bb][et_pb_column type=\u00bb2_3&#8243; _builder_version=\u00bb4.16&#8243; custom_padding=\u00bb|||\u00bb global_colors_info=\u00bb{}\u00bb custom_padding__hover=\u00bb|||\u00bb][et_pb_text _builder_version=\u00bb4.20.2&#8243; _module_preset=\u00bbdefault\u00bb header_font=\u00bbPoppins|300|||||||\u00bb header_text_color=\u00bb#FFFFFF\u00bb header_font_size=\u00bb76px\u00bb header_text_align_tablet=\u00bb\u00bb header_text_align_phone=\u00bbcenter\u00bb header_text_align_last_edited=\u00bbon|phone\u00bb global_colors_info=\u00bb{}\u00bb]<\/p>\n<h1>Antes \/ Despu\u00e9s<\/h1>\n<p>[\/et_pb_text][\/et_pb_column][et_pb_column type=\u00bb1_3&#8243; _builder_version=\u00bb4.16&#8243; custom_padding=\u00bb|||\u00bb global_colors_info=\u00bb{}\u00bb custom_padding__hover=\u00bb|||\u00bb][\/et_pb_column][\/et_pb_row][\/et_pb_section][et_pb_section fb_built=\u00bb1&#8243; _builder_version=\u00bb4.19.5&#8243; _module_preset=\u00bbdefault\u00bb global_colors_info=\u00bb{}\u00bb][et_pb_row column_structure=\u00bb1_2,1_2&#8243; _builder_version=\u00bb4.19.5&#8243; _module_preset=\u00bbdefault\u00bb max_width=\u00bb80%\u00bb global_colors_info=\u00bb{}\u00bb][et_pb_column type=\u00bb1_2&#8243; _builder_version=\u00bb4.19.5&#8243; _module_preset=\u00bbdefault\u00bb global_colors_info=\u00bb{}\u00bb][dsm_before_after_image before_src=\u00bbhttps:\/\/byebadtattoo.com\/wp-content\/uploads\/2023\/02\/sourcil-avant.jpg\u00bb before_alt=\u00bbAntes de\u00bb before_title_text=\u00bbAntes de\u00bb after_src=\u00bbhttps:\/\/byebadtattoo.com\/wp-content\/uploads\/2023\/02\/sourcil-apres.jpg\u00bb after_alt=\u00bbEn\u00bb after_title_text=\u00bbEn\u00bb before_label_text=\u00bbAntes de\u00bb after_label_text=\u00bbEn\u00bb overlay_color=\u00bbrgba(9,66,99,0.48)\u00bb handle_border_color=\u00bb#E51B42&#8243; handle_background_color=\u00bb#FFFFFF\u00bb handle_arrow_color=\u00bb#E51B42&#8243; _builder_version=\u00bb4.19.5&#8243; _module_preset=\u00bbdefault\u00bb custom_margin=\u00bb||-2px|||\u00bb global_colors_info=\u00bb{}\u00bb][\/dsm_before_after_image][et_pb_text _builder_version=\u00bb4.19.5&#8243; _module_preset=\u00bbdefault\u00bb text_text_color=\u00bb#FFFFFF\u00bb background_color=\u00bb#094263&#8243; custom_margin=\u00bb0px||||false|false\u00bb custom_padding=\u00bb6px||6px||true|false\u00bb global_colors_info=\u00bb{}\u00bb]<\/p>\n<p style=\"text-align: center;\"><em>Despu\u00e9s de 1 sesi\u00f3n<\/em><\/p>\n<p>[\/et_pb_text][dsm_before_after_image before_src=\u00bbhttps:\/\/byebadtattoo.com\/wp-content\/uploads\/2023\/02\/poignet-av.jpg\u00bb before_alt=\u00bbAntes de\u00bb before_title_text=\u00bbAntes de\u00bb after_src=\u00bbhttps:\/\/byebadtattoo.com\/wp-content\/uploads\/2023\/02\/poignet-apres.jpg\u00bb after_alt=\u00bbEn\u00bb after_title_text=\u00bbEn\u00bb before_label_text=\u00bbAntes de\u00bb after_label_text=\u00bbEn\u00bb overlay_color=\u00bbrgba(9,66,99,0.48)\u00bb handle_border_color=\u00bb#E51B42&#8243; handle_background_color=\u00bb#FFFFFF\u00bb handle_arrow_color=\u00bb#E51B42&#8243; _builder_version=\u00bb4.19.5&#8243; _module_preset=\u00bbdefault\u00bb custom_margin=\u00bb||0px|||\u00bb global_colors_info=\u00bb{}\u00bb][\/dsm_before_after_image][et_pb_text _builder_version=\u00bb4.19.5&#8243; _module_preset=\u00bbdefault\u00bb text_text_color=\u00bb#FFFFFF\u00bb background_color=\u00bb#094263&#8243; custom_margin=\u00bb0px||||false|false\u00bb custom_padding=\u00bb6px||6px||true|false\u00bb global_colors_info=\u00bb{}\u00bb]<\/p>\n<p style=\"text-align: center;\"><em>Despu\u00e9s de 1 sesi\u00f3n<\/em><\/p>\n<p>[\/et_pb_text][dsm_before_after_image before_src=\u00bbhttps:\/\/byebadtattoo.com\/wp-content\/uploads\/2023\/04\/main1.jpg\u00bb before_alt=\u00bbAntes de\u00bb before_title_text=\u00bbAntes de\u00bb after_src=\u00bbhttps:\/\/byebadtattoo.com\/wp-content\/uploads\/2023\/04\/main2.jpg\u00bb after_alt=\u00bbEn\u00bb after_title_text=\u00bbEn\u00bb before_label_text=\u00bbAntes de\u00bb after_label_text=\u00bbEn\u00bb overlay_color=\u00bbrgba(9,66,99,0.48)\u00bb handle_border_color=\u00bb#E51B42&#8243; handle_background_color=\u00bb#FFFFFF\u00bb handle_arrow_color=\u00bb#E51B42&#8243; admin_label=\u00bbSupreme Before\/After Image Slider\u00bb _builder_version=\u00bb4.20.2&#8243; _module_preset=\u00bbdefault\u00bb custom_margin=\u00bb||0px|||\u00bb global_colors_info=\u00bb{}\u00bb][\/dsm_before_after_image][et_pb_text _builder_version=\u00bb4.19.5&#8243; _module_preset=\u00bbdefault\u00bb text_text_color=\u00bb#FFFFFF\u00bb background_color=\u00bb#094263&#8243; custom_margin=\u00bb0px||||false|false\u00bb custom_padding=\u00bb6px||6px||true|false\u00bb global_colors_info=\u00bb{}\u00bb]<\/p>\n<p style=\"text-align: center;\"><em>Despu\u00e9s de 1 sesi\u00f3n<\/em><\/p>\n<p>[\/et_pb_text][\/et_pb_column][et_pb_column type=\u00bb1_2&#8243; _builder_version=\u00bb4.19.5&#8243; _module_preset=\u00bbdefault\u00bb global_colors_info=\u00bb{}\u00bb][dsm_before_after_image before_src=\u00bbhttps:\/\/byebadtattoo.com\/wp-content\/uploads\/2023\/02\/avant-sourcil2.jpg\u00bb before_alt=\u00bbAntes de\u00bb before_title_text=\u00bbAntes de\u00bb after_src=\u00bbhttps:\/\/byebadtattoo.com\/wp-content\/uploads\/2023\/02\/apres-sourcil2.jpg\u00bb after_alt=\u00bbEn\u00bb after_title_text=\u00bbEn\u00bb before_label_text=\u00bbAntes de\u00bb after_label_text=\u00bbEn\u00bb overlay_color=\u00bbrgba(9,66,99,0.48)\u00bb handle_border_color=\u00bb#E51B42&#8243; handle_background_color=\u00bb#FFFFFF\u00bb handle_arrow_color=\u00bb#E51B42&#8243; _builder_version=\u00bb4.19.5&#8243; _module_preset=\u00bbdefault\u00bb custom_margin=\u00bb||0px|||\u00bb global_colors_info=\u00bb{}\u00bb][\/dsm_before_after_image][et_pb_text _builder_version=\u00bb4.19.5&#8243; _module_preset=\u00bbdefault\u00bb text_text_color=\u00bb#FFFFFF\u00bb background_color=\u00bb#094263&#8243; custom_margin=\u00bb0px||||false|false\u00bb custom_padding=\u00bb6px||6px||true|false\u00bb global_colors_info=\u00bb{}\u00bb]<\/p>\n<p style=\"text-align: center;\"><em>Despu\u00e9s de 1 sesi\u00f3n<\/em><\/p>\n<p>[\/et_pb_text][dsm_before_after_image before_src=\u00bbhttps:\/\/byebadtattoo.com\/wp-content\/uploads\/2023\/04\/poignet-1.jpg\u00bb before_alt=\u00bbAntes de\u00bb before_title_text=\u00bbAntes de\u00bb after_src=\u00bbhttps:\/\/byebadtattoo.com\/wp-content\/uploads\/2023\/04\/poignet-2.jpg\u00bb after_alt=\u00bbEn\u00bb after_title_text=\u00bbEn\u00bb before_label_text=\u00bbAntes de\u00bb after_label_text=\u00bbEn\u00bb overlay_color=\u00bbrgba(9,66,99,0.48)\u00bb handle_border_color=\u00bb#E51B42&#8243; handle_background_color=\u00bb#FFFFFF\u00bb handle_arrow_color=\u00bb#E51B42&#8243; admin_label=\u00bbSupreme Before\/After Image Slider\u00bb _builder_version=\u00bb4.20.2&#8243; _module_preset=\u00bbdefault\u00bb custom_margin=\u00bb||0px|||\u00bb global_colors_info=\u00bb{}\u00bb][\/dsm_before_after_image][et_pb_text _builder_version=\u00bb4.20.2&#8243; _module_preset=\u00bbdefault\u00bb text_text_color=\u00bb#FFFFFF\u00bb background_color=\u00bb#094263&#8243; custom_margin=\u00bb0px||||false|false\u00bb custom_padding=\u00bb6px||6px||true|false\u00bb global_colors_info=\u00bb{}\u00bb]<\/p>\n<p style=\"text-align: center;\"><em>Despu\u00e9s de 1 sesi\u00f3n<\/em><\/p>\n<p>[\/et_pb_text][dsm_before_after_image before_src=\u00bbhttps:\/\/byebadtattoo.com\/wp-content\/uploads\/2023\/05\/lez-av.jpg\u00bb before_alt=\u00bbAntes de\u00bb before_title_text=\u00bbAntes de\u00bb after_src=\u00bbhttps:\/\/byebadtattoo.com\/wp-content\/uploads\/2023\/05\/lez-ap.jpg\u00bb after_alt=\u00bbEn\u00bb after_title_text=\u00bbEn\u00bb before_label_text=\u00bbAntes de\u00bb after_label_text=\u00bbEn\u00bb overlay_color=\u00bbrgba(9,66,99,0.48)\u00bb handle_border_color=\u00bb#E51B42&#8243; handle_background_color=\u00bb#FFFFFF\u00bb handle_arrow_color=\u00bb#E51B42&#8243; admin_label=\u00bbSupreme Before\/After Image Slider\u00bb _builder_version=\u00bb4.20.2&#8243; _module_preset=\u00bbdefault\u00bb custom_margin=\u00bb||0px|||\u00bb hover_enabled=\u00bb0&#8243; global_colors_info=\u00bb{}\u00bb title_text=\u00bblez-ap\u00bb sticky_enabled=\u00bb0&#8243;][\/dsm_before_after_image][et_pb_text _builder_version=\u00bb4.20.2&#8243; _module_preset=\u00bbdefault\u00bb text_text_color=\u00bb#FFFFFF\u00bb background_color=\u00bb#094263&#8243; custom_margin=\u00bb0px||||false|false\u00bb custom_padding=\u00bb6px||6px||true|false\u00bb hover_enabled=\u00bb0&#8243; global_colors_info=\u00bb{}\u00bb sticky_enabled=\u00bb0&#8243;]<\/p>\n<p style=\"text-align: center;\"><em>Despu\u00e9s de 3 sesiones<\/em><\/p>\n<p>[\/et_pb_text][\/et_pb_column][\/et_pb_row][\/et_pb_section]<\/p>\n","protected":false},"excerpt":{"rendered":"<p>Antes \/ Despu\u00e9s<div class=\"et_pb_module dsm_before_after_image dsm_before_after_image_0\">\n\t\t\t\t\n\t\t\t\t\n\t\t\t\t\n\t\t\t\t\n\t\t\t\t\n\t\t\t\t\n\t\t\t\t<div class=\"et_pb_module_inner\">\n\t\t\t\t\t<div class=\"dsm_before_after_image_wrapper\" data-params=[{\"offset\":\"0.5\",\"orientation\":\"horizontal\",\"overlay\":false,\"hover\":false,\"handle\":true,\"click\":false}]>\n\t\t\t\t\n\t\t\t\t\n\t\t\t\t<img decoding=\"async\" src=\"https:\/\/byebadtattoo.com\/wp-content\/uploads\/2023\/02\/sourcil-avant.jpg\" alt=\"Antes de\" title=\"Antes de\" srcset=\"https:\/\/byebadtattoo.com\/wp-content\/uploads\/2023\/02\/sourcil-avant.jpg 750w, https:\/\/byebadtattoo.com\/wp-content\/uploads\/2023\/02\/sourcil-avant-480x480.jpg 480w\" sizes=\"(min-width: 0px) and (max-width: 480px) 480px, (min-width: 481px) 750px, 100vw\" class=\"skip-lazy\" \/><img decoding=\"async\" src=\"https:\/\/byebadtattoo.com\/wp-content\/uploads\/2023\/02\/sourcil-apres.jpg\" alt=\"En\" title=\"En\" srcset=\"https:\/\/byebadtattoo.com\/wp-content\/uploads\/2023\/02\/sourcil-apres.jpg 750w, https:\/\/byebadtattoo.com\/wp-content\/uploads\/2023\/02\/sourcil-apres-480x480.jpg 480w\" sizes=\"(min-width: 0px) and (max-width: 480px) 480px, (min-width: 481px) 750px, 100vw\" class=\"skip-lazy\" \/>\n\t\t\t<\/div>\n\t\t\t\t<\/div>\n\t\t\t<\/div>Despu\u00e9s de 1 sesi\u00f3n<div class=\"et_pb_module dsm_before_after_image dsm_before_after_image_1\">\n\t\t\t\t\n\t\t\t\t\n\t\t\t\t\n\t\t\t\t\n\t\t\t\t\n\t\t\t\t\n\t\t\t\t<div class=\"et_pb_module_inner\">\n\t\t\t\t\t<div class=\"dsm_before_after_image_wrapper\" data-params=[{\"offset\":\"0.5\",\"orientation\":\"horizontal\",\"overlay\":false,\"hover\":false,\"handle\":true,\"click\":false}]>\n\t\t\t\t\n\t\t\t\t\n\t\t\t\t<img decoding=\"async\" src=\"https:\/\/byebadtattoo.com\/wp-content\/uploads\/2023\/02\/poignet-av.jpg\" alt=\"Antes de\" title=\"Antes de\" srcset=\"https:\/\/byebadtattoo.com\/wp-content\/uploads\/2023\/02\/poignet-av.jpg 750w, https:\/\/byebadtattoo.com\/wp-content\/uploads\/2023\/02\/poignet-av-480x480.jpg 480w\" sizes=\"(min-width: 0px) and (max-width: 480px) 480px, (min-width: 481px) 750px, 100vw\" class=\"skip-lazy\" \/><img decoding=\"async\" src=\"https:\/\/byebadtattoo.com\/wp-content\/uploads\/2023\/02\/poignet-apres.jpg\" alt=\"En\" title=\"En\" srcset=\"https:\/\/byebadtattoo.com\/wp-content\/uploads\/2023\/02\/poignet-apres.jpg 750w, https:\/\/byebadtattoo.com\/wp-content\/uploads\/2023\/02\/poignet-apres-480x480.jpg 480w\" sizes=\"(min-width: 0px) and (max-width: 480px) 480px, (min-width: 481px) 750px, 100vw\" class=\"skip-lazy\" \/>\n\t\t\t<\/div>\n\t\t\t\t<\/div>\n\t\t\t<\/div>Despu\u00e9s de 1 sesi\u00f3n<div class=\"et_pb_module dsm_before_after_image dsm_before_after_image_2\">\n\t\t\t\t\n\t\t\t\t\n\t\t\t\t\n\t\t\t\t\n\t\t\t\t\n\t\t\t\t\n\t\t\t\t<div class=\"et_pb_module_inner\">\n\t\t\t\t\t<div class=\"dsm_before_after_image_wrapper\" data-params=[{\"offset\":\"0.5\",\"orientation\":\"horizontal\",\"overlay\":false,\"hover\":false,\"handle\":true,\"click\":false}]>\n\t\t\t\t\n\t\t\t\t\n\t\t\t\t<img decoding=\"async\" src=\"https:\/\/byebadtattoo.com\/wp-content\/uploads\/2023\/04\/main1.jpg\" alt=\"Antes de\" title=\"Antes de\" srcset=\"https:\/\/byebadtattoo.com\/wp-content\/uploads\/2023\/04\/main1.jpg 750w, https:\/\/byebadtattoo.com\/wp-content\/uploads\/2023\/04\/main1-480x480.jpg 480w\" sizes=\"(min-width: 0px) and (max-width: 480px) 480px, (min-width: 481px) 750px, 100vw\" class=\"skip-lazy\" \/><img decoding=\"async\" src=\"https:\/\/byebadtattoo.com\/wp-content\/uploads\/2023\/04\/main2.jpg\" alt=\"En\" title=\"En\" srcset=\"https:\/\/byebadtattoo.com\/wp-content\/uploads\/2023\/04\/main2.jpg 750w, https:\/\/byebadtattoo.com\/wp-content\/uploads\/2023\/04\/main2-480x480.jpg 480w\" sizes=\"(min-width: 0px) and (max-width: 480px) 480px, (min-width: 481px) 750px, 100vw\" class=\"skip-lazy\" \/>\n\t\t\t<\/div>\n\t\t\t\t<\/div>\n\t\t\t<\/div>Despu\u00e9s de 1 sesi\u00f3n<div class=\"et_pb_module dsm_before_after_image dsm_before_after_image_3\">\n\t\t\t\t\n\t\t\t\t\n\t\t\t\t\n\t\t\t\t\n\t\t\t\t\n\t\t\t\t\n\t\t\t\t<div class=\"et_pb_module_inner\">\n\t\t\t\t\t<div class=\"dsm_before_after_image_wrapper\" data-params=[{\"offset\":\"0.5\",\"orientation\":\"horizontal\",\"overlay\":false,\"hover\":false,\"handle\":true,\"click\":false}]>\n\t\t\t\t\n\t\t\t\t\n\t\t\t\t<img decoding=\"async\" src=\"https:\/\/byebadtattoo.com\/wp-content\/uploads\/2023\/02\/avant-sourcil2.jpg\" alt=\"Antes de\" title=\"Antes de\" srcset=\"https:\/\/byebadtattoo.com\/wp-content\/uploads\/2023\/02\/avant-sourcil2.jpg 750w, https:\/\/byebadtattoo.com\/wp-content\/uploads\/2023\/02\/avant-sourcil2-480x480.jpg 480w\" sizes=\"(min-width: 0px) and (max-width: 480px) 480px, (min-width: 481px) 750px, 100vw\" class=\"skip-lazy\" \/><img decoding=\"async\" src=\"https:\/\/byebadtattoo.com\/wp-content\/uploads\/2023\/02\/apres-sourcil2.jpg\" alt=\"En\" title=\"En\" srcset=\"https:\/\/byebadtattoo.com\/wp-content\/uploads\/2023\/02\/apres-sourcil2.jpg 750w, https:\/\/byebadtattoo.com\/wp-content\/uploads\/2023\/02\/apres-sourcil2-480x480.jpg 480w\" sizes=\"(min-width: 0px) and (max-width: 480px) 480px, (min-width: 481px) 750px, 100vw\" class=\"skip-lazy\" \/>\n\t\t\t<\/div>\n\t\t\t\t<\/div>\n\t\t\t<\/div>Despu\u00e9s de 1 sesi\u00f3n<div class=\"et_pb_module dsm_before_after_image dsm_before_after_image_4\">\n\t\t\t\t\n\t\t\t\t\n\t\t\t\t\n\t\t\t\t\n\t\t\t\t\n\t\t\t\t\n\t\t\t\t<div class=\"et_pb_module_inner\">\n\t\t\t\t\t<div class=\"dsm_before_after_image_wrapper\" data-params=[{\"offset\":\"0.5\",\"orientation\":\"horizontal\",\"overlay\":false,\"hover\":false,\"handle\":true,\"click\":false}]>\n\t\t\t\t\n\t\t\t\t\n\t\t\t\t<img decoding=\"async\" src=\"https:\/\/byebadtattoo.com\/wp-content\/uploads\/2023\/04\/poignet-1.jpg\" alt=\"Antes de\" title=\"Antes de\" srcset=\"https:\/\/byebadtattoo.com\/wp-content\/uploads\/2023\/04\/poignet-1.jpg 750w, https:\/\/byebadtattoo.com\/wp-content\/uploads\/2023\/04\/poignet-1-480x480.jpg 480w\" sizes=\"(min-width: 0px) and (max-width: 480px) 480px, (min-width: 481px) 750px, 100vw\" class=\"skip-lazy\" \/><img decoding=\"async\" src=\"https:\/\/byebadtattoo.com\/wp-content\/uploads\/2023\/04\/poignet-2.jpg\" alt=\"En\" title=\"En\" srcset=\"https:\/\/byebadtattoo.com\/wp-content\/uploads\/2023\/04\/poignet-2.jpg 750w, https:\/\/byebadtattoo.com\/wp-content\/uploads\/2023\/04\/poignet-2-480x480.jpg 480w\" sizes=\"(min-width: 0px) and (max-width: 480px) 480px, (min-width: 481px) 750px, 100vw\" class=\"skip-lazy\" \/>\n\t\t\t<\/div>\n\t\t\t\t<\/div>\n\t\t\t<\/div>Despu\u00e9s de 1 sesi\u00f3n<div class=\"et_pb_module dsm_before_after_image dsm_before_after_image_5\">\n\t\t\t\t\n\t\t\t\t\n\t\t\t\t\n\t\t\t\t\n\t\t\t\t\n\t\t\t\t\n\t\t\t\t<div class=\"et_pb_module_inner\">\n\t\t\t\t\t<div class=\"dsm_before_after_image_wrapper\" data-params=[{\"offset\":\"0.5\",\"orientation\":\"horizontal\",\"overlay\":false,\"hover\":false,\"handle\":true,\"click\":false}]>\n\t\t\t\t\n\t\t\t\t\n\t\t\t\t<img decoding=\"async\" src=\"https:\/\/byebadtattoo.com\/wp-content\/uploads\/2023\/05\/lez-av.jpg\" alt=\"Antes de\" title=\"Antes de\" srcset=\"https:\/\/byebadtattoo.com\/wp-content\/uploads\/2023\/05\/lez-av.jpg 750w, https:\/\/byebadtattoo.com\/wp-content\/uploads\/2023\/05\/lez-av-480x480.jpg 480w\" sizes=\"(min-width: 0px) and (max-width: 480px) 480px, (min-width: 481px) 750px, 100vw\" class=\"skip-lazy\" \/><img decoding=\"async\" src=\"https:\/\/byebadtattoo.com\/wp-content\/uploads\/2023\/05\/lez-ap.jpg\" alt=\"En\" title=\"En\" srcset=\"https:\/\/byebadtattoo.com\/wp-content\/uploads\/2023\/05\/lez-ap.jpg 750w, https:\/\/byebadtattoo.com\/wp-content\/uploads\/2023\/05\/lez-ap-480x480.jpg 480w\" sizes=\"(min-width: 0px) and (max-width: 480px) 480px, (min-width: 481px) 750px, 100vw\" class=\"skip-lazy\" \/>\n\t\t\t<\/div>\n\t\t\t\t<\/div>\n\t\t\t<\/div>Despu\u00e9s de 3 sesiones<\/p>\n","protected":false},"author":1,"featured_media":0,"parent":0,"menu_order":0,"comment_status":"closed","ping_status":"closed","template":"","meta":{"_et_pb_use_builder":"on","_et_pb_old_content":"","_et_gb_content_width":"","footnotes":""},"class_list":["post-389474","page","type-page","status-publish","hentry"],"yoast_head":"<!-- This site is optimized with the Yoast SEO plugin v27.0 - https:\/\/yoast.com\/product\/yoast-seo-wordpress\/ -->\n<title>Antes Despu\u00e9s - BYE BAD TATTOO<\/title>\n<meta name=\"robots\" content=\"index, follow, max-snippet:-1, max-image-preview:large, max-video-preview:-1\" \/>\n<link rel=\"canonical\" href=\"https:\/\/byebadtattoo.com\/es\/antes-despues\/\" \/>\n<meta property=\"og:locale\" content=\"es_ES\" \/>\n<meta property=\"og:type\" content=\"article\" \/>\n<meta property=\"og:title\" content=\"Antes Despu\u00e9s - BYE BAD TATTOO\" \/>\n<meta property=\"og:description\" content=\"Antes \/ Despu\u00e9sDespu\u00e9s de 1 sesi\u00f3nDespu\u00e9s de 1 sesi\u00f3nDespu\u00e9s de 1 sesi\u00f3nDespu\u00e9s de 1 sesi\u00f3nDespu\u00e9s de 1 sesi\u00f3nDespu\u00e9s de 3 sesiones\" \/>\n<meta property=\"og:url\" content=\"https:\/\/byebadtattoo.com\/es\/antes-despues\/\" \/>\n<meta property=\"og:site_name\" content=\"BYE BAD TATTOO\" \/>\n<meta property=\"article:publisher\" content=\"https:\/\/www.facebook.com\/byebadtattoo\" \/>\n<meta property=\"article:modified_time\" content=\"2023-05-24T06:43:58+00:00\" \/>\n<meta name=\"twitter:card\" content=\"summary_large_image\" \/>\n<meta name=\"twitter:label1\" content=\"Tiempo de lectura\" \/>\n\t<meta name=\"twitter:data1\" content=\"5 minutos\" \/>\n<script type=\"application\/ld+json\" class=\"yoast-schema-graph\">{\"@context\":\"https:\/\/schema.org\",\"@graph\":[{\"@type\":\"WebPage\",\"@id\":\"https:\/\/byebadtattoo.com\/es\/antes-despues\/\",\"url\":\"https:\/\/byebadtattoo.com\/es\/antes-despues\/\",\"name\":\"Antes Despu\u00e9s - BYE BAD TATTOO\",\"isPartOf\":{\"@id\":\"https:\/\/byebadtattoo.com\/#website\"},\"datePublished\":\"2023-02-07T12:57:48+00:00\",\"dateModified\":\"2023-05-24T06:43:58+00:00\",\"breadcrumb\":{\"@id\":\"https:\/\/byebadtattoo.com\/es\/antes-despues\/#breadcrumb\"},\"inLanguage\":\"es\",\"potentialAction\":[{\"@type\":\"ReadAction\",\"target\":[\"https:\/\/byebadtattoo.com\/es\/antes-despues\/\"]}]},{\"@type\":\"BreadcrumbList\",\"@id\":\"https:\/\/byebadtattoo.com\/es\/antes-despues\/#breadcrumb\",\"itemListElement\":[{\"@type\":\"ListItem\",\"position\":1,\"name\":\"Accueil\",\"item\":\"https:\/\/byebadtattoo.com\/es\/inicio\/\"},{\"@type\":\"ListItem\",\"position\":2,\"name\":\"Antes Despu\u00e9s\"}]},{\"@type\":\"WebSite\",\"@id\":\"https:\/\/byebadtattoo.com\/#website\",\"url\":\"https:\/\/byebadtattoo.com\/\",\"name\":\"BYE BAD TATTOO\",\"description\":\"TATTOO REMOVAL CLINIC\",\"publisher\":{\"@id\":\"https:\/\/byebadtattoo.com\/#organization\"},\"potentialAction\":[{\"@type\":\"SearchAction\",\"target\":{\"@type\":\"EntryPoint\",\"urlTemplate\":\"https:\/\/byebadtattoo.com\/?s={search_term_string}\"},\"query-input\":{\"@type\":\"PropertyValueSpecification\",\"valueRequired\":true,\"valueName\":\"search_term_string\"}}],\"inLanguage\":\"es\"},{\"@type\":\"Organization\",\"@id\":\"https:\/\/byebadtattoo.com\/#organization\",\"name\":\"BYE BAD TATTOO\",\"url\":\"https:\/\/byebadtattoo.com\/\",\"logo\":{\"@type\":\"ImageObject\",\"inLanguage\":\"es\",\"@id\":\"https:\/\/byebadtattoo.com\/#\/schema\/logo\/image\/\",\"url\":\"https:\/\/byebadtattoo.com\/wp-content\/uploads\/2022\/10\/logo.png\",\"contentUrl\":\"https:\/\/byebadtattoo.com\/wp-content\/uploads\/2022\/10\/logo.png\",\"width\":650,\"height\":650,\"caption\":\"BYE BAD TATTOO\"},\"image\":{\"@id\":\"https:\/\/byebadtattoo.com\/#\/schema\/logo\/image\/\"},\"sameAs\":[\"https:\/\/www.facebook.com\/byebadtattoo\",\"https:\/\/www.instagram.com\/byebadtattoo\/\"]}]}<\/script>\n<!-- \/ Yoast SEO plugin. -->","yoast_head_json":{"title":"Antes Despu\u00e9s - BYE BAD TATTOO","robots":{"index":"index","follow":"follow","max-snippet":"max-snippet:-1","max-image-preview":"max-image-preview:large","max-video-preview":"max-video-preview:-1"},"canonical":"https:\/\/byebadtattoo.com\/es\/antes-despues\/","og_locale":"es_ES","og_type":"article","og_title":"Antes Despu\u00e9s - BYE BAD TATTOO","og_description":"Antes \/ Despu\u00e9sDespu\u00e9s de 1 sesi\u00f3nDespu\u00e9s de 1 sesi\u00f3nDespu\u00e9s de 1 sesi\u00f3nDespu\u00e9s de 1 sesi\u00f3nDespu\u00e9s de 1 sesi\u00f3nDespu\u00e9s de 3 sesiones","og_url":"https:\/\/byebadtattoo.com\/es\/antes-despues\/","og_site_name":"BYE BAD TATTOO","article_publisher":"https:\/\/www.facebook.com\/byebadtattoo","article_modified_time":"2023-05-24T06:43:58+00:00","twitter_card":"summary_large_image","twitter_misc":{"Tiempo de lectura":"5 minutos"},"schema":{"@context":"https:\/\/schema.org","@graph":[{"@type":"WebPage","@id":"https:\/\/byebadtattoo.com\/es\/antes-despues\/","url":"https:\/\/byebadtattoo.com\/es\/antes-despues\/","name":"Antes Despu\u00e9s - BYE BAD TATTOO","isPartOf":{"@id":"https:\/\/byebadtattoo.com\/#website"},"datePublished":"2023-02-07T12:57:48+00:00","dateModified":"2023-05-24T06:43:58+00:00","breadcrumb":{"@id":"https:\/\/byebadtattoo.com\/es\/antes-despues\/#breadcrumb"},"inLanguage":"es","potentialAction":[{"@type":"ReadAction","target":["https:\/\/byebadtattoo.com\/es\/antes-despues\/"]}]},{"@type":"BreadcrumbList","@id":"https:\/\/byebadtattoo.com\/es\/antes-despues\/#breadcrumb","itemListElement":[{"@type":"ListItem","position":1,"name":"Accueil","item":"https:\/\/byebadtattoo.com\/es\/inicio\/"},{"@type":"ListItem","position":2,"name":"Antes Despu\u00e9s"}]},{"@type":"WebSite","@id":"https:\/\/byebadtattoo.com\/#website","url":"https:\/\/byebadtattoo.com\/","name":"BYE BAD TATTOO","description":"TATTOO REMOVAL CLINIC","publisher":{"@id":"https:\/\/byebadtattoo.com\/#organization"},"potentialAction":[{"@type":"SearchAction","target":{"@type":"EntryPoint","urlTemplate":"https:\/\/byebadtattoo.com\/?s={search_term_string}"},"query-input":{"@type":"PropertyValueSpecification","valueRequired":true,"valueName":"search_term_string"}}],"inLanguage":"es"},{"@type":"Organization","@id":"https:\/\/byebadtattoo.com\/#organization","name":"BYE BAD TATTOO","url":"https:\/\/byebadtattoo.com\/","logo":{"@type":"ImageObject","inLanguage":"es","@id":"https:\/\/byebadtattoo.com\/#\/schema\/logo\/image\/","url":"https:\/\/byebadtattoo.com\/wp-content\/uploads\/2022\/10\/logo.png","contentUrl":"https:\/\/byebadtattoo.com\/wp-content\/uploads\/2022\/10\/logo.png","width":650,"height":650,"caption":"BYE BAD TATTOO"},"image":{"@id":"https:\/\/byebadtattoo.com\/#\/schema\/logo\/image\/"},"sameAs":["https:\/\/www.facebook.com\/byebadtattoo","https:\/\/www.instagram.com\/byebadtattoo\/"]}]}},"_links":{"self":[{"href":"https:\/\/byebadtattoo.com\/es\/wp-json\/wp\/v2\/pages\/389474","targetHints":{"allow":["GET"]}}],"collection":[{"href":"https:\/\/byebadtattoo.com\/es\/wp-json\/wp\/v2\/pages"}],"about":[{"href":"https:\/\/byebadtattoo.com\/es\/wp-json\/wp\/v2\/types\/page"}],"author":[{"embeddable":true,"href":"https:\/\/byebadtattoo.com\/es\/wp-json\/wp\/v2\/users\/1"}],"replies":[{"embeddable":true,"href":"https:\/\/byebadtattoo.com\/es\/wp-json\/wp\/v2\/comments?post=389474"}],"version-history":[{"count":1,"href":"https:\/\/byebadtattoo.com\/es\/wp-json\/wp\/v2\/pages\/389474\/revisions"}],"predecessor-version":[{"id":389478,"href":"https:\/\/byebadtattoo.com\/es\/wp-json\/wp\/v2\/pages\/389474\/revisions\/389478"}],"wp:attachment":[{"href":"https:\/\/byebadtattoo.com\/es\/wp-json\/wp\/v2\/media?parent=389474"}],"curies":[{"name":"wp","href":"https:\/\/api.w.org\/{rel}","templated":true}]}}