{"id":389488,"date":"2023-01-11T15:48:08","date_gmt":"2023-01-11T14:48:08","guid":{"rendered":"https:\/\/byebadtattoo.com\/preguntas-frecuentes\/"},"modified":"2023-05-24T08:44:25","modified_gmt":"2023-05-24T06:44:25","slug":"preguntas-frecuentes","status":"publish","type":"page","link":"https:\/\/byebadtattoo.com\/es\/preguntas-frecuentes\/","title":{"rendered":"PREGUNTAS FRECUENTES"},"content":{"rendered":"<p>[et_pb_section fb_built=\u00bb1&#8243; admin_label=\u00bbSection &#8211; 3-9 Header Divi Layout Kit &#8211; BG Image 1900&#215;1160 Pixels\u00bb module_class=\u00bbheader3&#8243; _builder_version=\u00bb4.20.2&#8243; use_background_color_gradient=\u00bbon\u00bb background_color_gradient_direction=\u00bb117deg\u00bb background_color_gradient_stops=\u00bb#094263 44%|rgba(41,196,169,0) 44%\u00bb background_color_gradient_overlays_image=\u00bbon\u00bb background_image=\u00bbhttps:\/\/byebadtattoo.com\/wp-content\/uploads\/2023\/03\/FAQ-header.jpg\u00bb background_position=\u00bbcenter_right\u00bb custom_padding=\u00bb||195px|||\u00bb hover_enabled=\u00bb0&#8243; global_colors_info=\u00bb{}\u00bb background_last_edited=\u00bbon|phone\u00bb sticky_enabled=\u00bb0&#8243; background_color_gradient_stops_phone=\u00bbrgba(9,66,99,0.63) 44%|rgba(41,196,169,0) 100%\u00bb use_background_color_gradient_phone=\u00bbon\u00bb background_color_gradient_direction_phone=\u00bb125deg\u00bb background_horizontal_offset_phone=\u00bb26%\u00bb][et_pb_row column_structure=\u00bb2_3,1_3&#8243; use_custom_gutter=\u00bbon\u00bb gutter_width=\u00bb1&#8243; custom_padding_last_edited=\u00bbon|phone\u00bb admin_label=\u00bbFila &#8211; 3-9 Cabecera Divi Layout Kit\u00bb _builder_version=\u00bb4.18.1&#8243; background_size=\u00bbinitial\u00bb background_position=\u00bbtop_left\u00bb background_repeat=\u00bbrepeat\u00bb custom_padding=\u00bb6vw||0vw|||\u00bb custom_padding_tablet=\u00bb6vw||6vw|\u00bb custom_padding_phone=\u00bb8vw||8vw|\u00bb custom_css_main_element=\u00bb max-width: 1442px;\u00bb global_colors_info=\u00bb{}\u00bb][et_pb_column type=\u00bb2_3&#8243; _builder_version=\u00bb4.16&#8243; custom_padding=\u00bb|||\u00bb global_colors_info=\u00bb{}\u00bb custom_padding__hover=\u00bb|||\u00bb][et_pb_text _builder_version=\u00bb4.18.1&#8243; _module_preset=\u00bbdefault\u00bb header_font=\u00bbPoppins|300|||||||\u00bb header_text_color=\u00bb#FFFFFF\u00bb header_font_size=\u00bb76px\u00bb global_colors_info=\u00bb{}\u00bb]<\/p>\n<h1>PREGUNTAS FRECUENTES<\/h1>\n<p>[\/et_pb_text][\/et_pb_column][et_pb_column type=\u00bb1_3&#8243; _builder_version=\u00bb4.16&#8243; custom_padding=\u00bb|||\u00bb global_colors_info=\u00bb{}\u00bb custom_padding__hover=\u00bb|||\u00bb][\/et_pb_column][\/et_pb_row][\/et_pb_section][et_pb_section fb_built=\u00bb1&#8243; _builder_version=\u00bb4.18.1&#8243; _module_preset=\u00bbdefault\u00bb use_background_color_gradient=\u00bbon\u00bb background_color_gradient_stops=\u00bbrgba(255,255,255,0.81) 0%|rgba(255,255,255,0.68) 100%\u00bb background_color_gradient_overlays_image=\u00bbon\u00bb background_image=\u00bbhttps:\/\/byebadtattoo.com\/wp-content\/uploads\/2023\/01\/points.png\u00bb background_size=\u00bbcontain\u00bb background_position=\u00bbtop_right\u00bb background_horizontal_offset=\u00bb-8%\u00bb background_vertical_offset=\u00bb0%\u00bb global_colors_info=\u00bb{}\u00bb][et_pb_row _builder_version=\u00bb4.20.2&#8243; _module_preset=\u00bbdefault\u00bb hover_enabled=\u00bb0&#8243; global_colors_info=\u00bb{}\u00bb sticky_enabled=\u00bb0&#8243; width_last_edited=\u00bbon|phone\u00bb width_phone=\u00bb90%\u00bb][et_pb_column type=\u00bb4_4&#8243; _builder_version=\u00bb4.18.1&#8243; _module_preset=\u00bbdefault\u00bb global_colors_info=\u00bb{}\u00bb][dsm_faq dsm_accordion_gap=\u00bb20px\u00bb dsm_enable_schema_markup=\u00bbon\u00bb dsm_close_bg_color=\u00bb#094263&#8243; dsm_open_icon_bg_color=\u00bbRGBA(255,255,255,0)\u00bb dsm_open_icon_color=\u00bb#E51B42&#8243; dsm_close_icon_color=\u00bb#E51B42&#8243; dsm_animate_icon=\u00bbon\u00bb dsm_content_padding=\u00bb20px||||false|false\u00bb _builder_version=\u00bb4.19.5&#8243; _module_preset=\u00bbdefault\u00bb header_font=\u00bbPoppins||||||||\u00bb header_text_color=\u00bb#094263&#8243; header_font_size=\u00bb18px\u00bb closed_header_text_color=\u00bb#FFFFFF\u00bb custom_padding=\u00bb||||false|false\u00bb border_color_all_dsm_image_close_border=\u00bbRGBA(255,255,255,0)\u00bb global_colors_info=\u00bb{}\u00bb][dsm_faq_child dsm_title=\u00bb\u00bfCu\u00e1ntas sesiones son necesarias para eliminar completamente un tatuaje con l\u00e1ser?\u00bb dsm_content=\u00bb<\/p>\n<p style=%22text-align: justify;%22>Por lo general, se recomiendan entre 4 y 10 sesiones y la mayor\u00eda de los tatuajes habr\u00e1n desaparecido a la sexta sesi\u00f3n. El tama\u00f1o del tatuaje, su color, la calidad de los pigmentos implantados y su profundidad ser\u00e1n factores determinantes en el n\u00famero de sesiones necesarias para la eliminaci\u00f3n de su tatuaje. La primera consulta incluida en todos nuestros paquetes sirve para definir cu\u00e1ntas sesiones ser\u00e1n necesarias para borrar completamente su tatuaje, en funci\u00f3n de sus diferentes caracter\u00edsticas y de su piel. El n\u00famero de sesiones puede reevaluarse despu\u00e9s de cada cita y, si ya ha optado por un paquete, puede ajustarse si es necesario.<\/p>\n<p>\u00bb _builder_version=\u00bb4.19.5&#8243; _module_preset=\u00bbdefault\u00bb global_colors_info=\u00bb{}\u00bb parentOrderClass=\u00bbdsm_faq_0&#8243;][\/dsm_faq_child][dsm_faq_child dsm_title=\u00bb\u00bfCu\u00e1nto tiempo transcurre entre una sesi\u00f3n y otra?\u00bb dsm_content=\u00bb<\/p>\n<p style=%22text-align: justify;%22>Las sesiones se realizan cada 6 u 8 semanas, en funci\u00f3n del ciclo de cicatrizaci\u00f3n de la piel. En efecto, para obtener un resultado \u00f3ptimo, es necesario dejar tiempo para que las c\u00e9lulas se regeneren y para que el organismo elimine los fragmentos de pigmentos del tatuaje tratado entre cada cita.<\/p>\n<p>\u00bb _builder_version=\u00bb4.19.5&#8243; _module_preset=\u00bbdefault\u00bb global_colors_info=\u00bb{}\u00bb parentOrderClass=\u00bbdsm_faq_0&#8243;][\/dsm_faq_child][dsm_faq_child dsm_title=\u00bb\u00bfEs dolorosa la eliminaci\u00f3n de tatuajes?\u00bb dsm_content=\u00bb<\/p>\n<p style=%22text-align: justify;%22>La tecnolog\u00eda ha evolucionado mucho desde los primeros tatuajes, haciendo que las sesiones sean llevaderas, del mismo modo que una sesi\u00f3n de tatuaje, pero que consuman mucho menos tiempo. Cuando el l\u00e1ser entre en contacto con la piel, sentir\u00e1 una sensaci\u00f3n de hormigueo, que puede aliviarse aplicando una crema anest\u00e9sica como Emla 60 minutos antes de la sesi\u00f3n. Puede encontrar este tipo de crema en farmacias.<\/p>\n<p>\u00bb _builder_version=\u00bb4.19.5&#8243; _module_preset=\u00bbdefault\u00bb global_colors_info=\u00bb{}\u00bb parentOrderClass=\u00bbdsm_faq_0&#8243;][\/dsm_faq_child][dsm_faq_child dsm_title=\u00bb\u00bfPuedo tomar el sol despu\u00e9s de una sesi\u00f3n de eliminaci\u00f3n de tatuajes?\u00bb dsm_content=\u00bb<\/p>\n<p>Se recomienda no exponer la zona tratada a la luz solar ni a los rayos UV hasta pasados 3 meses de la \u00faltima sesi\u00f3n. De hecho, la exposici\u00f3n podr\u00eda provocar una hiperpigmentaci\u00f3n de la piel. Puedes proteger la zona directamente con un vendaje o, cuando la piel est\u00e9 curada, utilizar una crema solar con un factor de protecci\u00f3n 50+ y reaplicarla cada hora.<\/p>\n<p>\u00bb _builder_version=\u00bb4.18.1&#8243; _module_preset=\u00bbdefault\u00bb global_colors_info=\u00bb{}\u00bb parentOrderClass=\u00bbdsm_faq_0&#8243;][\/dsm_faq_child][dsm_faq_child dsm_title=\u00bb\u00bfEs posible desbroncear una piel bronceada?\u00bb dsm_content=\u00bb<\/p>\n<p style=%22text-align: justify;%22>La eliminaci\u00f3n de tatuajes no se realiza sobre piel bronceada. De hecho, existe el riesgo de hipopigmentaci\u00f3n tras el uso de un l\u00e1ser en una piel que ha estado expuesta al sol recientemente. Por lo tanto, es necesario esperar a que desaparezca el bronceado antes de realizar una sesi\u00f3n. En general, 2 semanas son suficientes.<\/p>\n<p>\u00bb _builder_version=\u00bb4.19.5&#8243; _module_preset=\u00bbdefault\u00bb global_colors_info=\u00bb{}\u00bb parentOrderClass=\u00bbdsm_faq_0&#8243;][\/dsm_faq_child][dsm_faq_child dsm_title=\u00bbEliminaci\u00f3n de tatuajes en las cejas: \u00bfse te cae el pelo?\u00bb dsm_content=\u00bb<\/p>\n<p style=%22text-align: justify;%22>La respuesta es NO, despu\u00e9s de las sesiones de eliminaci\u00f3n de tatuajes el vello seguir\u00e1 ah\u00ed. Sin embargo, puede notarse una despigmentaci\u00f3n temporal, ya que el crecimiento del vello devuelve gradualmente el color original.<\/p>\n<p>\u00bb _builder_version=\u00bb4.19.5&#8243; _module_preset=\u00bbdefault\u00bb global_colors_info=\u00bb{}\u00bb parentOrderClass=\u00bbdsm_faq_0&#8243;][\/dsm_faq_child][dsm_faq_child dsm_title=\u00bb\u00bfEs eficaz y seguro el l\u00e1ser en pieles oscuras y mates?\u00bb dsm_content=\u00bb<\/p>\n<p style=%22text-align: justify;%22>Los par\u00e1metros del l\u00e1ser de picosegundos permiten des tatuar todos los fototipos de piel, desde los m\u00e1s claros a los m\u00e1s oscuros. Gracias a la fototerm\u00f3lisis selectiva, el l\u00e1ser act\u00faa sobre las zonas coloreadas de la piel, pero los pigmentos naturales de la piel no tienen el mismo tama\u00f1o que los pigmentos ex\u00f3genos del tatuaje. Por ello, nuestros expertos ajustan la potencia del l\u00e1ser y su duraci\u00f3n para centrarse \u00fanicamente en los pigmentos del tatuaje. Esto significa que la eliminaci\u00f3n de tatuajes puede hacerse de forma segura. El n\u00famero de sesiones para los tipos de piel m\u00e1s oscuros ser\u00e1 mayor, pero el resultado ser\u00e1 el mismo que para los tipos de piel m\u00e1s claros.<\/p>\n<p>\u00bb _builder_version=\u00bb4.19.5&#8243; _module_preset=\u00bbdefault\u00bb global_colors_info=\u00bb{}\u00bb parentOrderClass=\u00bbdsm_faq_0&#8243;][\/dsm_faq_child][dsm_faq_child dsm_title=\u00bb\u00bfLa eliminaci\u00f3n de tatuajes deja cicatriz?\u00bb dsm_content=\u00bb<\/p>\n<p style=%22text-align: justify;%22>La tecnolog\u00eda de picosegundos utilizada por nuestros expertos en Bye Bad Tattoo, as\u00ed como sus conocimientos en eliminaci\u00f3n de tatuajes, permiten un resultado \u00f3ptimo sin cicatrices para la mayor\u00eda de los tatuajes. A diferencia de los l\u00e1seres de generaciones anteriores que pueden dejar un tatuaje fantasma o rastros de su paso, la evoluci\u00f3n del l\u00e1ser de picosegundos preserva la piel al dirigirse \u00fanicamente a los pigmentos del tatuaje. Por supuesto, es necesario respetar las indicaciones previas y posteriores a la sesi\u00f3n para obtener el resultado esperado.<\/p>\n<p>\u00bb _builder_version=\u00bb4.19.5&#8243; _module_preset=\u00bbdefault\u00bb global_colors_info=\u00bb{}\u00bb parentOrderClass=\u00bbdsm_faq_0&#8243;][\/dsm_faq_child][dsm_faq_child dsm_title=\u00bb\u00bfQu\u00e9 cuidados se deben tener despu\u00e9s de la eliminaci\u00f3n de un tatuaje?\u00bb dsm_content=\u00bb<\/p>\n<p style=%22text-align: justify;%22>Despu\u00e9s de las sesiones de eliminaci\u00f3n de tatuajes, es importante mantener la zona limpia. Se recomienda aplicar una crema cicatrizante de 3 a 4 veces al d\u00eda para optimizar el proceso de curaci\u00f3n y beber al menos 1,5 litros de agua al d\u00eda durante una semana. Despu\u00e9s, deber\u00e1 seguir aplic\u00e1ndose la crema cicatrizante una o dos veces al d\u00eda durante un mes. Si se aplica un ap\u00f3sito sobre la piel tratada, debe cambiarse una vez al d\u00eda.<\/p>\n<p>\u00bb _builder_version=\u00bb4.19.5&#8243; _module_preset=\u00bbdefault\u00bb global_colors_info=\u00bb{}\u00bb parentOrderClass=\u00bbdsm_faq_0&#8243;][\/dsm_faq_child][dsm_faq_child dsm_title=\u00bb\u00bfPuedo volver a tatuarme despu\u00e9s de la eliminaci\u00f3n de un tatuaje?\u00bb dsm_content=\u00bb<\/p>\n<p style=%22text-align: justify;%22>Algunas personas se borran un tatuaje para poder volver a colocar un nuevo deseo en la zona ya tatuada. Con un paquete de eliminaci\u00f3n previa o completa de tatuajes, tendr\u00e1s que esperar 2 meses antes de volver a acudir a un tatuador. Efectivamente, este es el momento en que su piel necesita sentirse como nueva.<\/p>\n<p>\u00bb _builder_version=\u00bb4.19.5&#8243; _module_preset=\u00bbdefault\u00bb global_colors_info=\u00bb{}\u00bb parentOrderClass=\u00bbdsm_faq_0&#8243;][\/dsm_faq_child][dsm_faq_child dsm_title=\u00bb\u00bfSe puede eliminar un tatuaje reciente?\u00bb dsm_content=\u00bb<\/p>\n<p style=%22text-align: justify;%22>Si acabas de hacerte un tatuaje y no te sienta bien, tendr\u00e1s que esperar al menos 2 meses entre la fecha de tu tatuaje y la primera sesi\u00f3n de eliminaci\u00f3n de tatuajes. En efecto, es necesario esperar a que los pigmentos est\u00e9n bien fijados en la piel cicatrizada para que la eliminaci\u00f3n del tatuaje sea eficaz.<\/p>\n<p>\u00bb _builder_version=\u00bb4.19.5&#8243; _module_preset=\u00bbdefault\u00bb global_colors_info=\u00bb{}\u00bb parentOrderClass=\u00bbdsm_faq_0&#8243;][\/dsm_faq_child][dsm_faq_child dsm_title=\u00bb\u00bfPueden tatuarse las mujeres embarazadas?\u00bb dsm_content=\u00bb<\/p>\n<p style=%22text-align: justify;%22>No realizamos eliminaci\u00f3n de tatuajes durante los 9 meses de embarazo. Si se queda embarazada durante el periodo de tratamiento, puede estar segura de que las sesiones podr\u00e1n reanudarse al final del periodo de lactancia. De hecho, preferimos aplicar el principio de precauci\u00f3n. Si se toma un descanso de varios meses o a\u00f1os durante el tratamiento, esto no aumentar\u00e1 el n\u00famero de sesiones necesarias para la eliminaci\u00f3n de su tatuaje ni repercutir\u00e1 en el resultado final.<\/p>\n<p>\u00bb _builder_version=\u00bb4.19.5&#8243; _module_preset=\u00bbdefault\u00bb global_colors_info=\u00bb{}\u00bb parentOrderClass=\u00bbdsm_faq_0&#8243;][\/dsm_faq_child][dsm_faq_child dsm_title=\u00bb\u00bfTiene efectos secundarios?\u00bb dsm_content=\u00bb<\/p>\n<p>El l\u00e1ser de picosegundos permite una eliminaci\u00f3n de tatuajes %22suave%22 que limita la aparici\u00f3n de efectos secundarios. Tras las sesiones, pueden aparecer rojeces, costras o ampollas en la zona<br \/>tratado. Siga aplicando la crema cicatrizante sin rascarse, desaparecer\u00e1n por s\u00ed solas sin dejar rastro.<\/p>\n<p>\u00bb _builder_version=\u00bb4.18.1&#8243; _module_preset=\u00bbdefault\u00bb global_colors_info=\u00bb{}\u00bb parentOrderClass=\u00bbdsm_faq_0&#8243;][\/dsm_faq_child][dsm_faq_child dsm_title=\u00bb\u00bfEl l\u00e1ser es eficaz en todos los colores?\u00bb dsm_content=\u00bb<\/p>\n<p style=%22text-align: justify;%22>S\u00ed, el l\u00e1ser de picosegundos puede eliminar la mayor\u00eda de los colores de tatuaje gracias a sus diferentes longitudes de onda que act\u00faan sobre un amplio espectro de colores. Los dise\u00f1os monocromos negros ser\u00e1n los m\u00e1s f\u00e1ciles de eliminar, pero el nivel de resultado de la eliminaci\u00f3n de un tatuaje policromo ser\u00e1 el mismo. Sin embargo, algunos verdes y azules pueden ser m\u00e1s dif\u00edciles de borrar.<\/p>\n<p>\u00bb _builder_version=\u00bb4.19.5&#8243; _module_preset=\u00bbdefault\u00bb global_colors_info=\u00bb{}\u00bb parentOrderClass=\u00bbdsm_faq_0&#8243;][\/dsm_faq_child][dsm_faq_child dsm_title=\u00bb\u00bfEs posible eliminar un tatuaje cubierto?\u00bb dsm_content=\u00bb<\/p>\n<p style=%22text-align: justify;%22>El l\u00e1ser puede utilizarse para eliminar tatuajes cubiertos, lo que requerir\u00e1 m\u00e1s tiempo y, por tanto, m\u00e1s sesiones, pero sigue siendo posible.<\/p>\n<p>\u00bb _builder_version=\u00bb4.19.5&#8243; _module_preset=\u00bbdefault\u00bb global_colors_info=\u00bb{}\u00bb parentOrderClass=\u00bbdsm_faq_0&#8243;][\/dsm_faq_child][\/dsm_faq][\/et_pb_column][\/et_pb_row][\/et_pb_section]<\/p>\n","protected":false},"excerpt":{"rendered":"<p>PREGUNTAS FRECUENTES<div class=\"et_pb_with_border et_pb_module dsm_faq dsm_faq_0\">\n\t\t\t\t\n\t\t\t\t\n\t\t\t\t\n\t\t\t\t\n\t\t\t\t\n\t\t\t\t\n\t\t\t\t<div class=\"et_pb_module_inner\">\n\t\t\t\t\t<div class=\"dsm-faq-container dsm-front\" data-accordion=\"off\" data-open_first_item=\"off\">\n\t\t\t\t\n\t\t\t <\/div>\n\t\t\t \n\t\t\t\n\t\t\t\t<\/div>\n\t\t\t<\/div><div class=\"dsm_faq_child_0 dsm-faq-item-wrapper\">\n\t\t\t\t<div class=\"dsm-title-wrapper\">\n\t\t\t\t <div class=\"dsm-title-inner-wrapper\">\n\t\t\t\t   <div class=\"dsm_open_icon\"><span>K<\/span><\/div>\n\t\t\t\t   <div class=\"dsm_close_icon\"><span>L<\/span><\/div>\n\t\t\t\t   \n\t\t\t\t   \n\t\t\t\t   <h5 class=\"dsm-faq-title\">\u00bfCu\u00e1ntas sesiones son necesarias para eliminar completamente un tatuaje con l\u00e1ser?<\/h5>\n\t\t\t\t <\/div> \n\t\t\t\t <div class=\"dsm-faq-item-inner-wrapper\">\n\t\t\t\t   \n\t\t\t\t   \n\t\t\t\t   \n\t\t\t\t   \n\t\t\t\t <\/div>\n\t\t\t\t<\/div>\n\t\t\t\t<div class=\"dsm-faq-content\">Por lo general, se recomiendan entre 4 y 10 sesiones y la mayor\u00eda de los tatuajes habr\u00e1n desaparecido a la sexta sesi\u00f3n. El tama\u00f1o del tatuaje, su color, la calidad de los pigmentos implantados y su profundidad ser\u00e1n factores determinantes en el n\u00famero de sesiones necesarias para la eliminaci\u00f3n de su tatuaje. La primera consulta incluida en todos nuestros paquetes sirve para definir cu\u00e1ntas sesiones ser\u00e1n necesarias para borrar completamente su tatuaje, en funci\u00f3n de sus diferentes caracter\u00edsticas y de su piel. El n\u00famero de sesiones puede reevaluarse despu\u00e9s de cada cita y, si ya ha optado por un paquete, puede ajustarse si es necesario.<\/div>\n\t\t\t <\/div>\n\t\t\t<div class=\"dsm_faq_child_1 dsm-faq-item-wrapper\">\n\t\t\t\t<div class=\"dsm-title-wrapper\">\n\t\t\t\t <div class=\"dsm-title-inner-wrapper\">\n\t\t\t\t   <div class=\"dsm_open_icon\"><span>K<\/span><\/div>\n\t\t\t\t   <div class=\"dsm_close_icon\"><span>L<\/span><\/div>\n\t\t\t\t   \n\t\t\t\t   \n\t\t\t\t   <h5 class=\"dsm-faq-title\">\u00bb\u00bfCu\u00e1nto<\/h5>\n\t\t\t\t <\/div> \n\t\t\t\t <div class=\"dsm-faq-item-inner-wrapper\">\n\t\t\t\t   \n\t\t\t\t   \n\t\t\t\t   \n\t\t\t\t   \n\t\t\t\t <\/div>\n\t\t\t\t<\/div>\n\t\t\t\t<div class=\"dsm-faq-content\">\u00bbLas<\/div>\n\t\t\t <\/div>\n\t\t\t<\/p>\n","protected":false},"author":1,"featured_media":0,"parent":0,"menu_order":0,"comment_status":"closed","ping_status":"closed","template":"","meta":{"_et_pb_use_builder":"on","_et_pb_old_content":"","_et_gb_content_width":"","footnotes":""},"class_list":["post-389488","page","type-page","status-publish","hentry"],"yoast_head":"<!-- This site is optimized with the Yoast SEO plugin v27.0 - https:\/\/yoast.com\/product\/yoast-seo-wordpress\/ -->\n<title>PREGUNTAS FRECUENTES - BYE BAD TATTOO<\/title>\n<meta name=\"robots\" content=\"index, follow, max-snippet:-1, max-image-preview:large, max-video-preview:-1\" \/>\n<link rel=\"canonical\" href=\"https:\/\/byebadtattoo.com\/es\/preguntas-frecuentes\/\" \/>\n<meta property=\"og:locale\" content=\"es_ES\" \/>\n<meta property=\"og:type\" content=\"article\" \/>\n<meta property=\"og:title\" content=\"PREGUNTAS FRECUENTES - BYE BAD TATTOO\" \/>\n<meta property=\"og:description\" content=\"PREGUNTAS FRECUENTES\" \/>\n<meta property=\"og:url\" content=\"https:\/\/byebadtattoo.com\/es\/preguntas-frecuentes\/\" \/>\n<meta property=\"og:site_name\" content=\"BYE BAD TATTOO\" \/>\n<meta property=\"article:publisher\" content=\"https:\/\/www.facebook.com\/byebadtattoo\" \/>\n<meta property=\"article:modified_time\" content=\"2023-05-24T06:44:25+00:00\" \/>\n<meta name=\"twitter:card\" content=\"summary_large_image\" \/>\n<meta name=\"twitter:label1\" content=\"Tiempo de lectura\" \/>\n\t<meta name=\"twitter:data1\" content=\"10 minutos\" \/>\n<script type=\"application\/ld+json\" class=\"yoast-schema-graph\">{\"@context\":\"https:\/\/schema.org\",\"@graph\":[{\"@type\":\"WebPage\",\"@id\":\"https:\/\/byebadtattoo.com\/es\/preguntas-frecuentes\/\",\"url\":\"https:\/\/byebadtattoo.com\/es\/preguntas-frecuentes\/\",\"name\":\"PREGUNTAS FRECUENTES - BYE BAD TATTOO\",\"isPartOf\":{\"@id\":\"https:\/\/byebadtattoo.com\/#website\"},\"datePublished\":\"2023-01-11T14:48:08+00:00\",\"dateModified\":\"2023-05-24T06:44:25+00:00\",\"breadcrumb\":{\"@id\":\"https:\/\/byebadtattoo.com\/es\/preguntas-frecuentes\/#breadcrumb\"},\"inLanguage\":\"es\",\"potentialAction\":[{\"@type\":\"ReadAction\",\"target\":[\"https:\/\/byebadtattoo.com\/es\/preguntas-frecuentes\/\"]}]},{\"@type\":\"BreadcrumbList\",\"@id\":\"https:\/\/byebadtattoo.com\/es\/preguntas-frecuentes\/#breadcrumb\",\"itemListElement\":[{\"@type\":\"ListItem\",\"position\":1,\"name\":\"Accueil\",\"item\":\"https:\/\/byebadtattoo.com\/es\/inicio\/\"},{\"@type\":\"ListItem\",\"position\":2,\"name\":\"PREGUNTAS FRECUENTES\"}]},{\"@type\":\"WebSite\",\"@id\":\"https:\/\/byebadtattoo.com\/#website\",\"url\":\"https:\/\/byebadtattoo.com\/\",\"name\":\"BYE BAD TATTOO\",\"description\":\"TATTOO REMOVAL CLINIC\",\"publisher\":{\"@id\":\"https:\/\/byebadtattoo.com\/#organization\"},\"potentialAction\":[{\"@type\":\"SearchAction\",\"target\":{\"@type\":\"EntryPoint\",\"urlTemplate\":\"https:\/\/byebadtattoo.com\/?s={search_term_string}\"},\"query-input\":{\"@type\":\"PropertyValueSpecification\",\"valueRequired\":true,\"valueName\":\"search_term_string\"}}],\"inLanguage\":\"es\"},{\"@type\":\"Organization\",\"@id\":\"https:\/\/byebadtattoo.com\/#organization\",\"name\":\"BYE BAD TATTOO\",\"url\":\"https:\/\/byebadtattoo.com\/\",\"logo\":{\"@type\":\"ImageObject\",\"inLanguage\":\"es\",\"@id\":\"https:\/\/byebadtattoo.com\/#\/schema\/logo\/image\/\",\"url\":\"https:\/\/byebadtattoo.com\/wp-content\/uploads\/2022\/10\/logo.png\",\"contentUrl\":\"https:\/\/byebadtattoo.com\/wp-content\/uploads\/2022\/10\/logo.png\",\"width\":650,\"height\":650,\"caption\":\"BYE BAD TATTOO\"},\"image\":{\"@id\":\"https:\/\/byebadtattoo.com\/#\/schema\/logo\/image\/\"},\"sameAs\":[\"https:\/\/www.facebook.com\/byebadtattoo\",\"https:\/\/www.instagram.com\/byebadtattoo\/\"]}]}<\/script>\n<!-- \/ Yoast SEO plugin. -->","yoast_head_json":{"title":"PREGUNTAS FRECUENTES - BYE BAD TATTOO","robots":{"index":"index","follow":"follow","max-snippet":"max-snippet:-1","max-image-preview":"max-image-preview:large","max-video-preview":"max-video-preview:-1"},"canonical":"https:\/\/byebadtattoo.com\/es\/preguntas-frecuentes\/","og_locale":"es_ES","og_type":"article","og_title":"PREGUNTAS FRECUENTES - BYE BAD TATTOO","og_description":"PREGUNTAS FRECUENTES","og_url":"https:\/\/byebadtattoo.com\/es\/preguntas-frecuentes\/","og_site_name":"BYE BAD TATTOO","article_publisher":"https:\/\/www.facebook.com\/byebadtattoo","article_modified_time":"2023-05-24T06:44:25+00:00","twitter_card":"summary_large_image","twitter_misc":{"Tiempo de lectura":"10 minutos"},"schema":{"@context":"https:\/\/schema.org","@graph":[{"@type":"WebPage","@id":"https:\/\/byebadtattoo.com\/es\/preguntas-frecuentes\/","url":"https:\/\/byebadtattoo.com\/es\/preguntas-frecuentes\/","name":"PREGUNTAS FRECUENTES - BYE BAD TATTOO","isPartOf":{"@id":"https:\/\/byebadtattoo.com\/#website"},"datePublished":"2023-01-11T14:48:08+00:00","dateModified":"2023-05-24T06:44:25+00:00","breadcrumb":{"@id":"https:\/\/byebadtattoo.com\/es\/preguntas-frecuentes\/#breadcrumb"},"inLanguage":"es","potentialAction":[{"@type":"ReadAction","target":["https:\/\/byebadtattoo.com\/es\/preguntas-frecuentes\/"]}]},{"@type":"BreadcrumbList","@id":"https:\/\/byebadtattoo.com\/es\/preguntas-frecuentes\/#breadcrumb","itemListElement":[{"@type":"ListItem","position":1,"name":"Accueil","item":"https:\/\/byebadtattoo.com\/es\/inicio\/"},{"@type":"ListItem","position":2,"name":"PREGUNTAS FRECUENTES"}]},{"@type":"WebSite","@id":"https:\/\/byebadtattoo.com\/#website","url":"https:\/\/byebadtattoo.com\/","name":"BYE BAD TATTOO","description":"TATTOO REMOVAL CLINIC","publisher":{"@id":"https:\/\/byebadtattoo.com\/#organization"},"potentialAction":[{"@type":"SearchAction","target":{"@type":"EntryPoint","urlTemplate":"https:\/\/byebadtattoo.com\/?s={search_term_string}"},"query-input":{"@type":"PropertyValueSpecification","valueRequired":true,"valueName":"search_term_string"}}],"inLanguage":"es"},{"@type":"Organization","@id":"https:\/\/byebadtattoo.com\/#organization","name":"BYE BAD TATTOO","url":"https:\/\/byebadtattoo.com\/","logo":{"@type":"ImageObject","inLanguage":"es","@id":"https:\/\/byebadtattoo.com\/#\/schema\/logo\/image\/","url":"https:\/\/byebadtattoo.com\/wp-content\/uploads\/2022\/10\/logo.png","contentUrl":"https:\/\/byebadtattoo.com\/wp-content\/uploads\/2022\/10\/logo.png","width":650,"height":650,"caption":"BYE BAD TATTOO"},"image":{"@id":"https:\/\/byebadtattoo.com\/#\/schema\/logo\/image\/"},"sameAs":["https:\/\/www.facebook.com\/byebadtattoo","https:\/\/www.instagram.com\/byebadtattoo\/"]}]}},"_links":{"self":[{"href":"https:\/\/byebadtattoo.com\/es\/wp-json\/wp\/v2\/pages\/389488","targetHints":{"allow":["GET"]}}],"collection":[{"href":"https:\/\/byebadtattoo.com\/es\/wp-json\/wp\/v2\/pages"}],"about":[{"href":"https:\/\/byebadtattoo.com\/es\/wp-json\/wp\/v2\/types\/page"}],"author":[{"embeddable":true,"href":"https:\/\/byebadtattoo.com\/es\/wp-json\/wp\/v2\/users\/1"}],"replies":[{"embeddable":true,"href":"https:\/\/byebadtattoo.com\/es\/wp-json\/wp\/v2\/comments?post=389488"}],"version-history":[{"count":8,"href":"https:\/\/byebadtattoo.com\/es\/wp-json\/wp\/v2\/pages\/389488\/revisions"}],"predecessor-version":[{"id":389512,"href":"https:\/\/byebadtattoo.com\/es\/wp-json\/wp\/v2\/pages\/389488\/revisions\/389512"}],"wp:attachment":[{"href":"https:\/\/byebadtattoo.com\/es\/wp-json\/wp\/v2\/media?parent=389488"}],"curies":[{"name":"wp","href":"https:\/\/api.w.org\/{rel}","templated":true}]}}