{"id":389490,"date":"2023-01-11T15:44:51","date_gmt":"2023-01-11T14:44:51","guid":{"rendered":"https:\/\/byebadtattoo.com\/nuestro-equipo\/"},"modified":"2023-05-24T08:44:25","modified_gmt":"2023-05-24T06:44:25","slug":"nuestro-equipo","status":"publish","type":"page","link":"https:\/\/byebadtattoo.com\/es\/nuestro-equipo\/","title":{"rendered":"Nuestro equipo"},"content":{"rendered":"<p>[et_pb_section fb_built=\u00bb1&#8243; admin_label=\u00bbSection &#8211; 3-9 Header Divi Layout Kit &#8211; BG Image 1900&#215;1160 Pixels\u00bb module_class=\u00bbheader3&#8243; _builder_version=\u00bb4.20.2&#8243; use_background_color_gradient=\u00bbon\u00bb background_color_gradient_direction=\u00bb117deg\u00bb background_color_gradient_stops=\u00bb#094263 44%|rgba(41,196,169,0) 44%\u00bb background_color_gradient_overlays_image=\u00bbon\u00bb background_image=\u00bbhttps:\/\/byebadtattoo.com\/wp-content\/uploads\/2023\/02\/team.jpg\u00bb background_position=\u00bbcenter_left\u00bb custom_padding=\u00bb||195px|||\u00bb hover_enabled=\u00bb0&#8243; global_colors_info=\u00bb{}\u00bb background_last_edited=\u00bbon|phone\u00bb background_position_phone=\u00bbcenter_right\u00bb background_horizontal_offset_phone=\u00bb26%\u00bb background_color_gradient_stops_phone=\u00bbrgba(9,66,99,0.73) 23%|rgba(41,196,169,0) 64%\u00bb use_background_color_gradient_phone=\u00bbon\u00bb background_size_phone=\u00bbcover\u00bb background_color_gradient_direction_phone=\u00bb180deg\u00bb sticky_enabled=\u00bb0&#8243;][et_pb_row column_structure=\u00bb2_3,1_3&#8243; use_custom_gutter=\u00bbon\u00bb gutter_width=\u00bb1&#8243; custom_padding_last_edited=\u00bbon|phone\u00bb admin_label=\u00bbRow &#8211; 3-9 Header Divi Layout Kit\u00bb _builder_version=\u00bb4.18.1&#8243; background_size=\u00bbinitial\u00bb background_position=\u00bbtop_left\u00bb background_repeat=\u00bbrepeat\u00bb custom_padding=\u00bb6vw||0vw|||\u00bb custom_padding_tablet=\u00bb6vw||6vw|\u00bb custom_padding_phone=\u00bb8vw||8vw|\u00bb custom_css_main_element=\u00bb max-width: 1442px;\u00bb global_colors_info=\u00bb{}\u00bb][et_pb_column type=\u00bb2_3&#8243; _builder_version=\u00bb4.16&#8243; custom_padding=\u00bb|||\u00bb global_colors_info=\u00bb{}\u00bb custom_padding__hover=\u00bb|||\u00bb][et_pb_cta title=\u00bbLa team fondatrice\u00bb admin_label=\u00bbCTA &#8211; Making it all make sense.\u00bb _builder_version=\u00bb4.19.5&#8243; header_level=\u00bbh1&#8243; header_font=\u00bbPoppins|200|||||||\u00bb header_font_size=\u00bb5.3vw\u00bb body_font=\u00bbPoppins||||||||\u00bb body_text_color=\u00bb#E51B42&#8243; body_font_size=\u00bb20&#8243; use_background_color=\u00bboff\u00bb background_size=\u00bbinitial\u00bb background_position=\u00bbtop_left\u00bb background_repeat=\u00bbrepeat\u00bb text_orientation=\u00bbleft\u00bb custom_margin=\u00bb0px||0px||false|false\u00bb custom_padding=\u00bb0px||0px||false|false\u00bb header_font_size_tablet=\u00bb50&#8243; header_font_size_phone=\u00bb30&#8243; header_font_size_last_edited=\u00bbon|desktop\u00bb custom_css_promo_description=\u00bbmax-width: 570px;\u00bb custom_css_promo_title=\u00bbpadding-bottom:86px !important;||line-height: 90%;\u00bb global_colors_info=\u00bb{}\u00bb button_text_size__hover_enabled=\u00bboff\u00bb button_one_text_size__hover_enabled=\u00bboff\u00bb button_two_text_size__hover_enabled=\u00bboff\u00bb button_text_color__hover_enabled=\u00bboff\u00bb button_one_text_color__hover_enabled=\u00bboff\u00bb button_two_text_color__hover_enabled=\u00bboff\u00bb button_border_width__hover_enabled=\u00bboff\u00bb button_one_border_width__hover_enabled=\u00bboff\u00bb button_two_border_width__hover_enabled=\u00bboff\u00bb button_border_color__hover_enabled=\u00bboff\u00bb button_one_border_color__hover_enabled=\u00bboff\u00bb button_two_border_color__hover_enabled=\u00bboff\u00bb button_border_radius__hover_enabled=\u00bboff\u00bb button_one_border_radius__hover_enabled=\u00bboff\u00bb button_two_border_radius__hover_enabled=\u00bboff\u00bb button_letter_spacing__hover_enabled=\u00bboff\u00bb button_one_letter_spacing__hover_enabled=\u00bboff\u00bb button_two_letter_spacing__hover_enabled=\u00bboff\u00bb button_bg_color__hover_enabled=\u00bboff\u00bb button_one_bg_color__hover_enabled=\u00bboff\u00bb button_two_bg_color__hover_enabled=\u00bboff\u00bb][\/et_pb_cta][\/et_pb_column][et_pb_column type=\u00bb1_3&#8243; _builder_version=\u00bb4.16&#8243; custom_padding=\u00bb|||\u00bb global_colors_info=\u00bb{}\u00bb custom_padding__hover=\u00bb|||\u00bb][\/et_pb_column][\/et_pb_row][\/et_pb_section][et_pb_section fb_built=\u00bb1&#8243; admin_label=\u00bbYou Got Person Module &#8211; Freddie\u00bb module_class=\u00bbfreddie_person_module_you_got\u00bb _builder_version=\u00bb4.16&#8243; global_colors_info=\u00bb{}\u00bb][et_pb_row column_structure=\u00bb1_3,1_3,1_3&#8243; admin_label=\u00bbYou Got Person Module &#8211; Freddie &#8211; Row\u00bb _builder_version=\u00bb4.18.1&#8243; width=\u00bb90%\u00bb max_width=\u00bb1170px\u00bb global_colors_info=\u00bb{}\u00bb][et_pb_column type=\u00bb1_3&#8243; _builder_version=\u00bb4.18.1&#8243; custom_padding=\u00bb27px|31px|31px|31px|false|false\u00bb box_shadow_style=\u00bbpreset1&#8243; box_shadow_vertical=\u00bb30px\u00bb box_shadow_blur=\u00bb87px\u00bb box_shadow_color=\u00bbrgba(150,176,203,0.23)\u00bb global_colors_info=\u00bb{}\u00bb][et_pb_team_member name=\u00bbDr. Paola Berthet\u00bb position=\u00bbDocteur en m\u00e9decine dentaire\u00bb image_url=\u00bbhttps:\/\/byebadtattoo.com\/wp-content\/uploads\/2023\/02\/paola.jpg\u00bb icon_color=\u00bb#E51B42&#8243; admin_label=\u00bbYou Got Person Module &#8211; Freddie &#8211; Image 316px x 596px\u00bb _builder_version=\u00bb4.20.2&#8243; header_font=\u00bbPoppins|700|||||||\u00bb header_text_color=\u00bb#094263&#8243; header_font_size=\u00bb18px\u00bb header_line_height=\u00bb120%\u00bb body_font=\u00bb||||||||\u00bb body_text_color=\u00bb#999999&#8243; body_font_size=\u00bb16px\u00bb body_line_height=\u00bb160%\u00bb position_font=\u00bbRoboto||on||||||\u00bb position_text_color=\u00bbrgba(9,66,99,0.61)\u00bb position_font_size=\u00bb16px\u00bb position_letter_spacing=\u00bb0.5px\u00bb position_line_height=\u00bb130%\u00bb min_height=\u00bb747px\u00bb custom_margin=\u00bb||23px||false|false\u00bb hover_enabled=\u00bb0&#8243; custom_css_main_element=\u00bb    position: relative;\u00bb custom_css_member_image=\u00bbmargin: 0 !important;||width: 100%;||max-width: 100%;\u00bb custom_css_member_description=\u00bbfont-weight:400;||padding-top: 28px;||position: absolute;||    bottom: 0;||    background-color: #fff;||    transform-origin: bottom;||transition: 0.3s;\u00bb custom_css_title=\u00bbpadding-bottom: 6px;\u00bb custom_css_member_position=\u00bbfont-weight:400;\u00bb global_colors_info=\u00bb{}\u00bb sticky_enabled=\u00bb0&#8243;]<\/p>\n<p style=\"text-align: left;\">Docteur en m\u00e9decine dentaire avec une sp\u00e9cialisation dans l\u2019esth\u00e9tique du sourire, son int\u00e9r\u00eat pour la beaut\u00e9 l&#8217;a invit\u00e9 \u00e0 se tourner vers le maquillage permanent des l\u00e8vres et du sourcil. Son statut de m\u00e9decin lui permet de prodiguer tous types de traitements esth\u00e9tiques. Elle encadre nos sp\u00e9cialistes Bye Bad Tattoo en leur apportant son expertise m\u00e9dicale.<\/p>\n<p>[\/et_pb_team_member][\/et_pb_column][et_pb_column type=\u00bb1_3&#8243; _builder_version=\u00bb4.16&#8243; custom_padding=\u00bb27px|31px|31px|31px|false|false\u00bb box_shadow_style=\u00bbpreset1&#8243; box_shadow_vertical=\u00bb30px\u00bb box_shadow_blur=\u00bb87px\u00bb box_shadow_color=\u00bbrgba(150,176,203,0.23)\u00bb global_colors_info=\u00bb{}\u00bb][et_pb_team_member name=\u00bbMathilde Thiebaud\u00bb position=\u00bbEsth\u00e9ticienne\/dermographe\/tatoueuse\u00bb image_url=\u00bbhttps:\/\/byebadtattoo.com\/wp-content\/uploads\/2023\/02\/mathilce.jpg\u00bb icon_color=\u00bb#E51B42&#8243; admin_label=\u00bbYou Got Person Module &#8211; Freddie &#8211; Image 316px x 596px\u00bb _builder_version=\u00bb4.19.5&#8243; header_font=\u00bbPoppins|700|||||||\u00bb header_text_color=\u00bb#094263&#8243; header_font_size=\u00bb18px\u00bb header_line_height=\u00bb120%\u00bb body_font=\u00bb||||||||\u00bb body_text_color=\u00bb#999999&#8243; body_font_size=\u00bb16px\u00bb body_line_height=\u00bb160%\u00bb position_font=\u00bbRoboto||on||||||\u00bb position_text_color=\u00bbrgba(9,66,99,0.61)\u00bb position_font_size=\u00bb16px\u00bb position_letter_spacing=\u00bb0.5px\u00bb position_line_height=\u00bb130%\u00bb min_height=\u00bb821px\u00bb custom_margin=\u00bb||23px||false|false\u00bb custom_css_main_element=\u00bb    position: relative;\u00bb custom_css_member_image=\u00bbmargin: 0 !important;||width: 100%;||max-width: 100%;\u00bb custom_css_member_description=\u00bbfont-weight:400;||padding-top: 28px;||position: absolute;||    bottom: 0;||    background-color: #fff;||    transform-origin: bottom;||transition: 0.3s;\u00bb custom_css_title=\u00bbpadding-bottom: 6px;\u00bb custom_css_member_position=\u00bbfont-weight:400;\u00bb global_colors_info=\u00bb{}\u00bb]<\/p>\n<p style=\"text-align: left;\">Passionn\u00e9e de tatouages, la pigmentation n&#8217;a plus de secret pour Mathilde. Sa sp\u00e9cialisation en maquillage semi-permanent et permanent la confronte r\u00e9guli\u00e8rement \u00e0 des tatouages des sourcils ou l\u00e8vres \u00e0 effacer. Rajouter le d\u00e9tatouage \u00e0 son arc \u00e9tait donc une \u00e9vidence. Son exp\u00e9rience de tatoueuse permet \u00e0 l&#8217;\u00e9quipe de Bye Bad Tattoo d&#8217;avoir la sensibilit\u00e9 n\u00e9cessaire face \u00e0 l&#8217;acte de d\u00e9tatouage.<\/p>\n<p>[\/et_pb_team_member][\/et_pb_column][et_pb_column type=\u00bb1_3&#8243; _builder_version=\u00bb4.16&#8243; custom_padding=\u00bb27px|31px|31px|31px|false|false\u00bb box_shadow_style=\u00bbpreset1&#8243; box_shadow_vertical=\u00bb30px\u00bb box_shadow_blur=\u00bb87px\u00bb box_shadow_color=\u00bbrgba(150,176,203,0.23)\u00bb global_colors_info=\u00bb{}\u00bb][et_pb_team_member name=\u00bbHakim Moussouni\u00bb position=\u00bbIng\u00e9nieur expert en technologie laser\u00bb image_url=\u00bbhttps:\/\/byebadtattoo.com\/wp-content\/uploads\/2023\/02\/hakim-logo.jpg\u00bb icon_color=\u00bb#E51B42&#8243; admin_label=\u00bbYou Got Person Module &#8211; Freddie &#8211; Image 316px x 596px\u00bb _builder_version=\u00bb4.19.5&#8243; header_font=\u00bbPoppins|700|||||||\u00bb header_text_color=\u00bb#094263&#8243; header_font_size=\u00bb18px\u00bb header_line_height=\u00bb120%\u00bb body_font=\u00bb||||||||\u00bb body_text_color=\u00bb#999999&#8243; body_font_size=\u00bb16px\u00bb body_line_height=\u00bb160%\u00bb position_font=\u00bbRoboto||on||||||\u00bb position_text_color=\u00bbrgba(9,66,99,0.61)\u00bb position_font_size=\u00bb16px\u00bb position_letter_spacing=\u00bb0.5px\u00bb position_line_height=\u00bb130%\u00bb min_height=\u00bb721px\u00bb custom_margin=\u00bb||23px||false|false\u00bb custom_css_main_element=\u00bb    position: relative;\u00bb custom_css_member_image=\u00bbmargin: 0 !important;||width: 100%;||max-width: 100%;\u00bb custom_css_member_description=\u00bbfont-weight:400;||padding-top: 28px;||position: absolute;||    bottom: 0;||    background-color: #fff;||    transform-origin: bottom;||transition: 0.3s;\u00bb custom_css_title=\u00bbpadding-bottom: 6px;\u00bb custom_css_member_position=\u00bbfont-weight:400;\u00bb global_colors_info=\u00bb{}\u00bb]<\/p>\n<p>Ing\u00e9nieur depuis 2004 chez les leaders mondiaux de la fabrication de lasers m\u00e9dicaux, Hakim poss\u00e8de un savoir in\u00e9galable sur la technologie laser utilis\u00e9e par Bye Bad Tattoo. Ses conseils techniques et son approche professionnelle permettent \u00e0 Bye Bad Tattoo d&#8217;atteindre des performances et des r\u00e9sultats exceptionnels.<\/p>\n<p>[\/et_pb_team_member][\/et_pb_column][\/et_pb_row][\/et_pb_section]<\/p>\n","protected":false},"excerpt":{"rendered":"<p>Docteur en m\u00e9decine dentaire avec une sp\u00e9cialisation dans l\u2019esth\u00e9tique du sourire, son int\u00e9r\u00eat pour la beaut\u00e9 l&#8217;a invit\u00e9 \u00e0 se tourner vers le maquillage permanent des l\u00e8vres et du sourcil. Son statut de m\u00e9decin lui permet de prodiguer tous types de traitements esth\u00e9tiques. Elle encadre nos sp\u00e9cialistes Bye Bad Tattoo en leur apportant son expertise m\u00e9dicale. Passionn\u00e9e de tatouages, la pigmentation n&#8217;a plus de secret pour Mathilde. Sa sp\u00e9cialisation en maquillage semi-permanent et permanent la confronte r\u00e9guli\u00e8rement \u00e0 des tatouages des sourcils ou l\u00e8vres \u00e0 effacer. Rajouter le d\u00e9tatouage \u00e0 son arc \u00e9tait donc une \u00e9vidence. Son exp\u00e9rience de tatoueuse permet \u00e0 l&#8217;\u00e9quipe de Bye Bad Tattoo d&#8217;avoir la sensibilit\u00e9 n\u00e9cessaire face \u00e0 l&#8217;acte de d\u00e9tatouage. Ing\u00e9nieur depuis 2004 chez les leaders mondiaux de la fabrication de lasers m\u00e9dicaux, Hakim poss\u00e8de un savoir in\u00e9galable sur la technologie laser utilis\u00e9e par Bye Bad Tattoo. Ses conseils techniques et son approche professionnelle permettent \u00e0 Bye Bad Tattoo d&#8217;atteindre des performances et des r\u00e9sultats exceptionnels.<\/p>\n","protected":false},"author":1,"featured_media":0,"parent":0,"menu_order":0,"comment_status":"closed","ping_status":"closed","template":"","meta":{"_et_pb_use_builder":"on","_et_pb_old_content":"","_et_gb_content_width":"","footnotes":""},"class_list":["post-389490","page","type-page","status-publish","hentry"],"yoast_head":"<!-- This site is optimized with the Yoast SEO plugin v27.0 - https:\/\/yoast.com\/product\/yoast-seo-wordpress\/ -->\n<title>Nuestro equipo - BYE BAD TATTOO<\/title>\n<meta name=\"robots\" content=\"index, follow, max-snippet:-1, max-image-preview:large, max-video-preview:-1\" \/>\n<link rel=\"canonical\" href=\"https:\/\/byebadtattoo.com\/es\/nuestro-equipo\/\" \/>\n<meta property=\"og:locale\" content=\"es_ES\" \/>\n<meta property=\"og:type\" content=\"article\" \/>\n<meta property=\"og:title\" content=\"Nuestro equipo - BYE BAD TATTOO\" \/>\n<meta property=\"og:description\" content=\"Docteur en m\u00e9decine dentaire avec une sp\u00e9cialisation dans l\u2019esth\u00e9tique du sourire, son int\u00e9r\u00eat pour la beaut\u00e9 l&#039;a invit\u00e9 \u00e0 se tourner vers le maquillage permanent des l\u00e8vres et du sourcil. Son statut de m\u00e9decin lui permet de prodiguer tous types de traitements esth\u00e9tiques. Elle encadre nos sp\u00e9cialistes Bye Bad Tattoo en leur apportant son expertise m\u00e9dicale. Passionn\u00e9e de tatouages, la pigmentation n&#039;a plus de secret pour Mathilde. Sa sp\u00e9cialisation en maquillage semi-permanent et permanent la confronte r\u00e9guli\u00e8rement \u00e0 des tatouages des sourcils ou l\u00e8vres \u00e0 effacer. Rajouter le d\u00e9tatouage \u00e0 son arc \u00e9tait donc une \u00e9vidence. Son exp\u00e9rience de tatoueuse permet \u00e0 l&#039;\u00e9quipe de Bye Bad Tattoo d&#039;avoir la sensibilit\u00e9 n\u00e9cessaire face \u00e0 l&#039;acte de d\u00e9tatouage. Ing\u00e9nieur depuis 2004 chez les leaders mondiaux de la fabrication de lasers m\u00e9dicaux, Hakim poss\u00e8de un savoir in\u00e9galable sur la technologie laser utilis\u00e9e par Bye Bad Tattoo. Ses conseils techniques et son approche professionnelle permettent \u00e0 Bye Bad Tattoo d&#039;atteindre des performances et des r\u00e9sultats exceptionnels.\" \/>\n<meta property=\"og:url\" content=\"https:\/\/byebadtattoo.com\/es\/nuestro-equipo\/\" \/>\n<meta property=\"og:site_name\" content=\"BYE BAD TATTOO\" \/>\n<meta property=\"article:publisher\" content=\"https:\/\/www.facebook.com\/byebadtattoo\" \/>\n<meta property=\"article:modified_time\" content=\"2023-05-24T06:44:25+00:00\" \/>\n<meta name=\"twitter:card\" content=\"summary_large_image\" \/>\n<meta name=\"twitter:label1\" content=\"Tiempo de lectura\" \/>\n\t<meta name=\"twitter:data1\" content=\"6 minutos\" \/>\n<script type=\"application\/ld+json\" class=\"yoast-schema-graph\">{\"@context\":\"https:\/\/schema.org\",\"@graph\":[{\"@type\":\"WebPage\",\"@id\":\"https:\/\/byebadtattoo.com\/es\/nuestro-equipo\/\",\"url\":\"https:\/\/byebadtattoo.com\/es\/nuestro-equipo\/\",\"name\":\"Nuestro equipo - BYE BAD TATTOO\",\"isPartOf\":{\"@id\":\"https:\/\/byebadtattoo.com\/#website\"},\"datePublished\":\"2023-01-11T14:44:51+00:00\",\"dateModified\":\"2023-05-24T06:44:25+00:00\",\"breadcrumb\":{\"@id\":\"https:\/\/byebadtattoo.com\/es\/nuestro-equipo\/#breadcrumb\"},\"inLanguage\":\"es\",\"potentialAction\":[{\"@type\":\"ReadAction\",\"target\":[\"https:\/\/byebadtattoo.com\/es\/nuestro-equipo\/\"]}]},{\"@type\":\"BreadcrumbList\",\"@id\":\"https:\/\/byebadtattoo.com\/es\/nuestro-equipo\/#breadcrumb\",\"itemListElement\":[{\"@type\":\"ListItem\",\"position\":1,\"name\":\"Accueil\",\"item\":\"https:\/\/byebadtattoo.com\/es\/inicio\/\"},{\"@type\":\"ListItem\",\"position\":2,\"name\":\"Nuestro equipo\"}]},{\"@type\":\"WebSite\",\"@id\":\"https:\/\/byebadtattoo.com\/#website\",\"url\":\"https:\/\/byebadtattoo.com\/\",\"name\":\"BYE BAD TATTOO\",\"description\":\"TATTOO REMOVAL CLINIC\",\"publisher\":{\"@id\":\"https:\/\/byebadtattoo.com\/#organization\"},\"potentialAction\":[{\"@type\":\"SearchAction\",\"target\":{\"@type\":\"EntryPoint\",\"urlTemplate\":\"https:\/\/byebadtattoo.com\/?s={search_term_string}\"},\"query-input\":{\"@type\":\"PropertyValueSpecification\",\"valueRequired\":true,\"valueName\":\"search_term_string\"}}],\"inLanguage\":\"es\"},{\"@type\":\"Organization\",\"@id\":\"https:\/\/byebadtattoo.com\/#organization\",\"name\":\"BYE BAD TATTOO\",\"url\":\"https:\/\/byebadtattoo.com\/\",\"logo\":{\"@type\":\"ImageObject\",\"inLanguage\":\"es\",\"@id\":\"https:\/\/byebadtattoo.com\/#\/schema\/logo\/image\/\",\"url\":\"https:\/\/byebadtattoo.com\/wp-content\/uploads\/2022\/10\/logo.png\",\"contentUrl\":\"https:\/\/byebadtattoo.com\/wp-content\/uploads\/2022\/10\/logo.png\",\"width\":650,\"height\":650,\"caption\":\"BYE BAD TATTOO\"},\"image\":{\"@id\":\"https:\/\/byebadtattoo.com\/#\/schema\/logo\/image\/\"},\"sameAs\":[\"https:\/\/www.facebook.com\/byebadtattoo\",\"https:\/\/www.instagram.com\/byebadtattoo\/\"]}]}<\/script>\n<!-- \/ Yoast SEO plugin. -->","yoast_head_json":{"title":"Nuestro equipo - BYE BAD TATTOO","robots":{"index":"index","follow":"follow","max-snippet":"max-snippet:-1","max-image-preview":"max-image-preview:large","max-video-preview":"max-video-preview:-1"},"canonical":"https:\/\/byebadtattoo.com\/es\/nuestro-equipo\/","og_locale":"es_ES","og_type":"article","og_title":"Nuestro equipo - BYE BAD TATTOO","og_description":"Docteur en m\u00e9decine dentaire avec une sp\u00e9cialisation dans l\u2019esth\u00e9tique du sourire, son int\u00e9r\u00eat pour la beaut\u00e9 l'a invit\u00e9 \u00e0 se tourner vers le maquillage permanent des l\u00e8vres et du sourcil. Son statut de m\u00e9decin lui permet de prodiguer tous types de traitements esth\u00e9tiques. Elle encadre nos sp\u00e9cialistes Bye Bad Tattoo en leur apportant son expertise m\u00e9dicale. Passionn\u00e9e de tatouages, la pigmentation n'a plus de secret pour Mathilde. Sa sp\u00e9cialisation en maquillage semi-permanent et permanent la confronte r\u00e9guli\u00e8rement \u00e0 des tatouages des sourcils ou l\u00e8vres \u00e0 effacer. Rajouter le d\u00e9tatouage \u00e0 son arc \u00e9tait donc une \u00e9vidence. Son exp\u00e9rience de tatoueuse permet \u00e0 l'\u00e9quipe de Bye Bad Tattoo d'avoir la sensibilit\u00e9 n\u00e9cessaire face \u00e0 l'acte de d\u00e9tatouage. Ing\u00e9nieur depuis 2004 chez les leaders mondiaux de la fabrication de lasers m\u00e9dicaux, Hakim poss\u00e8de un savoir in\u00e9galable sur la technologie laser utilis\u00e9e par Bye Bad Tattoo. Ses conseils techniques et son approche professionnelle permettent \u00e0 Bye Bad Tattoo d'atteindre des performances et des r\u00e9sultats exceptionnels.","og_url":"https:\/\/byebadtattoo.com\/es\/nuestro-equipo\/","og_site_name":"BYE BAD TATTOO","article_publisher":"https:\/\/www.facebook.com\/byebadtattoo","article_modified_time":"2023-05-24T06:44:25+00:00","twitter_card":"summary_large_image","twitter_misc":{"Tiempo de lectura":"6 minutos"},"schema":{"@context":"https:\/\/schema.org","@graph":[{"@type":"WebPage","@id":"https:\/\/byebadtattoo.com\/es\/nuestro-equipo\/","url":"https:\/\/byebadtattoo.com\/es\/nuestro-equipo\/","name":"Nuestro equipo - BYE BAD TATTOO","isPartOf":{"@id":"https:\/\/byebadtattoo.com\/#website"},"datePublished":"2023-01-11T14:44:51+00:00","dateModified":"2023-05-24T06:44:25+00:00","breadcrumb":{"@id":"https:\/\/byebadtattoo.com\/es\/nuestro-equipo\/#breadcrumb"},"inLanguage":"es","potentialAction":[{"@type":"ReadAction","target":["https:\/\/byebadtattoo.com\/es\/nuestro-equipo\/"]}]},{"@type":"BreadcrumbList","@id":"https:\/\/byebadtattoo.com\/es\/nuestro-equipo\/#breadcrumb","itemListElement":[{"@type":"ListItem","position":1,"name":"Accueil","item":"https:\/\/byebadtattoo.com\/es\/inicio\/"},{"@type":"ListItem","position":2,"name":"Nuestro equipo"}]},{"@type":"WebSite","@id":"https:\/\/byebadtattoo.com\/#website","url":"https:\/\/byebadtattoo.com\/","name":"BYE BAD TATTOO","description":"TATTOO REMOVAL CLINIC","publisher":{"@id":"https:\/\/byebadtattoo.com\/#organization"},"potentialAction":[{"@type":"SearchAction","target":{"@type":"EntryPoint","urlTemplate":"https:\/\/byebadtattoo.com\/?s={search_term_string}"},"query-input":{"@type":"PropertyValueSpecification","valueRequired":true,"valueName":"search_term_string"}}],"inLanguage":"es"},{"@type":"Organization","@id":"https:\/\/byebadtattoo.com\/#organization","name":"BYE BAD TATTOO","url":"https:\/\/byebadtattoo.com\/","logo":{"@type":"ImageObject","inLanguage":"es","@id":"https:\/\/byebadtattoo.com\/#\/schema\/logo\/image\/","url":"https:\/\/byebadtattoo.com\/wp-content\/uploads\/2022\/10\/logo.png","contentUrl":"https:\/\/byebadtattoo.com\/wp-content\/uploads\/2022\/10\/logo.png","width":650,"height":650,"caption":"BYE BAD TATTOO"},"image":{"@id":"https:\/\/byebadtattoo.com\/#\/schema\/logo\/image\/"},"sameAs":["https:\/\/www.facebook.com\/byebadtattoo","https:\/\/www.instagram.com\/byebadtattoo\/"]}]}},"_links":{"self":[{"href":"https:\/\/byebadtattoo.com\/es\/wp-json\/wp\/v2\/pages\/389490","targetHints":{"allow":["GET"]}}],"collection":[{"href":"https:\/\/byebadtattoo.com\/es\/wp-json\/wp\/v2\/pages"}],"about":[{"href":"https:\/\/byebadtattoo.com\/es\/wp-json\/wp\/v2\/types\/page"}],"author":[{"embeddable":true,"href":"https:\/\/byebadtattoo.com\/es\/wp-json\/wp\/v2\/users\/1"}],"replies":[{"embeddable":true,"href":"https:\/\/byebadtattoo.com\/es\/wp-json\/wp\/v2\/comments?post=389490"}],"version-history":[{"count":1,"href":"https:\/\/byebadtattoo.com\/es\/wp-json\/wp\/v2\/pages\/389490\/revisions"}],"predecessor-version":[{"id":389494,"href":"https:\/\/byebadtattoo.com\/es\/wp-json\/wp\/v2\/pages\/389490\/revisions\/389494"}],"wp:attachment":[{"href":"https:\/\/byebadtattoo.com\/es\/wp-json\/wp\/v2\/media?parent=389490"}],"curies":[{"name":"wp","href":"https:\/\/api.w.org\/{rel}","templated":true}]}}