{"id":389138,"date":"2023-01-12T15:55:03","date_gmt":"2023-01-12T14:55:03","guid":{"rendered":"https:\/\/byebadtattoo.com\/losanna\/"},"modified":"2023-05-15T13:05:56","modified_gmt":"2023-05-15T11:05:56","slug":"losanna","status":"publish","type":"page","link":"https:\/\/byebadtattoo.com\/it\/i-nostri-centri\/losanna\/","title":{"rendered":"Losanna"},"content":{"rendered":"<p>[et_pb_section fb_built=&#8221;1&#8243; admin_label=&#8221;Section &#8211; 3-9 Header Divi Layout Kit &#8211; BG Image 1900&#215;1160 Pixels&#8221; module_class=&#8221;header3&#8243; _builder_version=&#8221;4.20.2&#8243; use_background_color_gradient=&#8221;on&#8221; background_color_gradient_direction=&#8221;105deg&#8221; background_color_gradient_stops=&#8221;#094263 68%|rgba(41,196,169,0) 68%&#8221; background_color_gradient_overlays_image=&#8221;on&#8221; background_image=&#8221;https:\/\/byebadtattoo.com\/wp-content\/uploads\/2023\/03\/lausanne-header.jpg&#8221; background_position=&#8221;center_right&#8221; custom_padding=&#8221;||195px|||&#8221; hover_enabled=&#8221;0&#8243; global_colors_info=&#8221;{}&#8221; background_last_edited=&#8221;on|phone&#8221; background_color_gradient_stops_phone=&#8221;rgba(9,66,99,0.36) 22%|rgba(41,196,169,0) 100%&#8221; use_background_color_gradient_phone=&#8221;on&#8221; sticky_enabled=&#8221;0&#8243;][et_pb_row column_structure=&#8221;2_3,1_3&#8243; use_custom_gutter=&#8221;on&#8221; gutter_width=&#8221;1&#8243; custom_padding_last_edited=&#8221;on|phone&#8221; admin_label=&#8221;Riga &#8211; Kit di layout Divi con intestazione 3-9&#8243; _builder_version=&#8221;4.18.1&#8243; background_size=&#8221;initial&#8221; background_position=&#8221;top_left&#8221; background_repeat=&#8221;repeat&#8221; custom_padding=&#8221;6vw||0vw|||&#8221; custom_padding_tablet=&#8221;6vw||6vw|&#8221; custom_padding_phone=&#8221;8vw||8vw|&#8221; custom_css_main_element=&#8221; max-width: 1442px;&#8221; global_colors_info=&#8221;{}&#8221;][et_pb_column type=&#8221;2_3&#8243; _builder_version=&#8221;4.16&#8243; custom_padding=&#8221;|||&#8221; global_colors_info=&#8221;{}&#8221; custom_padding__hover=&#8221;|||&#8221;][et_pb_cta title=&#8221;Losanna&#8221; admin_label=&#8221;CTA &#8211; Making it all make sense.&#8221; _builder_version=&#8221;4.20.2&#8243; header_level=&#8221;h1&#8243; header_font=&#8221;Poppins|200|||||||&#8221; header_font_size=&#8221;5.3vw&#8221; body_font=&#8221;Poppins||||||||&#8221; body_text_color=&#8221;#E51B42&#8243; body_font_size=&#8221;20&#8243; use_background_color=&#8221;off&#8221; background_size=&#8221;initial&#8221; background_position=&#8221;top_left&#8221; background_repeat=&#8221;repeat&#8221; text_orientation=&#8221;left&#8221; custom_margin=&#8221;0px||0px||false|false&#8221; custom_padding=&#8221;0px||0px||false|false&#8221; header_font_size_tablet=&#8221;50&#8243; header_font_size_phone=&#8221;30&#8243; header_font_size_last_edited=&#8221;on|desktop&#8221; custom_css_promo_description=&#8221;max-width: 570px;&#8221; custom_css_promo_title=&#8221;padding-bottom:86px !important;||line-height: 90%;&#8221; global_colors_info=&#8221;{}&#8221; button_text_size__hover_enabled=&#8221;off&#8221; button_one_text_size__hover_enabled=&#8221;off&#8221; button_two_text_size__hover_enabled=&#8221;off&#8221; button_text_color__hover_enabled=&#8221;off&#8221; button_one_text_color__hover_enabled=&#8221;off&#8221; button_two_text_color__hover_enabled=&#8221;off&#8221; button_border_width__hover_enabled=&#8221;off&#8221; button_one_border_width__hover_enabled=&#8221;off&#8221; button_two_border_width__hover_enabled=&#8221;off&#8221; button_border_color__hover_enabled=&#8221;off&#8221; button_one_border_color__hover_enabled=&#8221;off&#8221; button_two_border_color__hover_enabled=&#8221;off&#8221; button_border_radius__hover_enabled=&#8221;off&#8221; button_one_border_radius__hover_enabled=&#8221;off&#8221; button_two_border_radius__hover_enabled=&#8221;off&#8221; button_letter_spacing__hover_enabled=&#8221;off&#8221; button_one_letter_spacing__hover_enabled=&#8221;off&#8221; button_two_letter_spacing__hover_enabled=&#8221;off&#8221; button_bg_color__hover_enabled=&#8221;off&#8221; button_one_bg_color__hover_enabled=&#8221;off&#8221; button_two_bg_color__hover_enabled=&#8221;off&#8221;][\/et_pb_cta][et_pb_text _builder_version=&#8221;4.20.2&#8243; _module_preset=&#8221;default&#8221; text_text_color=&#8221;#E51B42&#8243; text_font_size=&#8221;26px&#8221; custom_margin=&#8221;||||false|false&#8221; hover_enabled=&#8221;0&#8243; global_colors_info=&#8221;{}&#8221; text_orientation_last_edited=&#8221;on|phone&#8221; text_orientation_phone=&#8221;center&#8221; text_text_color_last_edited=&#8221;on|phone&#8221; text_text_color_phone=&#8221;#FFFFFF&#8221; sticky_enabled=&#8221;0&#8243; text_text_color_tablet=&#8221;#E51B42&#8243;]<\/p>\n<p>TATTOO DI BASSO<\/p>\n<p>[\/et_pb_text][\/et_pb_column][et_pb_column type=&#8221;1_3&#8243; _builder_version=&#8221;4.16&#8243; custom_padding=&#8221;|||&#8221; global_colors_info=&#8221;{}&#8221; custom_padding__hover=&#8221;|||&#8221;][\/et_pb_column][\/et_pb_row][\/et_pb_section][et_pb_section fb_built=&#8221;1&#8243; custom_padding_last_edited=&#8221;on|phone&#8221; admin_label=&#8221;Know Girl Content &#8211; Tina&#8221; _builder_version=&#8221;4.19.5&#8243; background_enable_image=&#8221;off&#8221; background_size=&#8221;contain&#8221; background_position=&#8221;center_left&#8221; background_horizontal_offset=&#8221;-9%&#8221; custom_padding=&#8221;62px||74px||false|false&#8221; custom_padding_tablet=&#8221;30px||20px||false|false&#8221; custom_padding_phone=&#8221;||30px||false|false&#8221; collapsed=&#8221;off&#8221; global_colors_info=&#8221;{}&#8221;][et_pb_row custom_padding_last_edited=&#8221;on|phone&#8221; admin_label=&#8221;Per modificare il colore delle linee, andare su 01 impostazioni del modulo &#8211; Avanzate &#8211; CSS personalizzati &#8211; Prima&#8221; _builder_version=&#8221;4.16&#8243; width=&#8221;90%&#8221; custom_padding_tablet=&#8221;||0px||false|false&#8221; custom_padding_phone=&#8221;&#8221; scroll_horizontal_motion=&#8221;35|50|50|65|4|0|-4&#8243; collapsed=&#8221;off&#8221; global_colors_info=&#8221;{}&#8221;][et_pb_column type=&#8221;4_4&#8243; _builder_version=&#8221;4.16&#8243; global_colors_info=&#8221;{}&#8221;][et_pb_image src=&#8221;https:\/\/byebadtattoo.com\/wp-content\/uploads\/2022\/10\/logo.png&#8221; title_text=&#8221;logo&#8221; align=&#8221;center&#8221; _builder_version=&#8221;4.20.2&#8243; _module_preset=&#8221;default&#8221; width=&#8221;21%&#8221; hover_enabled=&#8221;0&#8243; global_colors_info=&#8221;{}&#8221; width_last_edited=&#8221;on|phone&#8221; width_phone=&#8221;80%&#8221; sticky_enabled=&#8221;0&#8243; width_tablet=&#8221;21%&#8221;][\/et_pb_image][\/et_pb_column][\/et_pb_row][et_pb_row custom_padding_last_edited=&#8221;on|phone&#8221; admin_label=&#8221;Conoscere il contenuto delle ragazze &#8211; Tina &#8211; Fila&#8221; _builder_version=&#8221;4.20.2&#8243; width=&#8221;90%&#8221; max_width=&#8221;50%&#8221; custom_margin=&#8221;||||false|false&#8221; custom_margin_tablet=&#8221;||||false|false&#8221; custom_margin_phone=&#8221;18px||||false|false&#8221; custom_margin_last_edited=&#8221;on|desktop&#8221; custom_padding=&#8221;22px||||false|false&#8221; custom_padding_tablet=&#8221;0px||||false|false&#8221; custom_padding_phone=&#8221;||||false|false&#8221; hover_enabled=&#8221;0&#8243; global_colors_info=&#8221;{}&#8221; max_width_last_edited=&#8221;on|phone&#8221; max_width_phone=&#8221;90%&#8221; sticky_enabled=&#8221;0&#8243; max_width_tablet=&#8221;50%&#8221;][et_pb_column type=&#8221;4_4&#8243; _builder_version=&#8221;4.19.5&#8243; global_colors_info=&#8221;{}&#8221;][et_pb_text admin_label=&#8221;Know Girl Content &#8211; Tina &#8211; Text&#8221; _builder_version=&#8221;4.20.2&#8243; text_font=&#8221;Roboto||||||||&#8221; text_text_color=&#8221;gcid-ca92701c-7dad-4210-b684-4f78141d2bab&#8221; text_font_size=&#8221;16px&#8221; text_line_height=&#8221;167%&#8221; text_orientation=&#8221;center&#8221; text_font_size_phone=&#8221;14px&#8221; text_font_size_last_edited=&#8221;off|phone&#8221; custom_css_main_element=&#8221;    font-weight: 400 !important;&#8221; global_colors_info=&#8221;{%22gcid-ca92701c-7dad-4210-b684-4f78141d2bab%22:%91%22text_text_color%22%93}&#8221;]<\/p>\n<p style=\"text-align: justify;\">Il nostro centro per la rimozione dei tatuaggi a Losanna \u00e8 perfettamente situato nel cuore della citt\u00e0, garantendovi discrezione e facilit\u00e0 di accesso.<br \/>\nVi accoglieremo in uno spazio confortevole e sicuro, dotato delle pi\u00f9 moderne tecnologie per la rimozione dei tatuaggi.<br \/>\nIl nostro team di professionisti vi ricever\u00e0 per un follow-up personalizzato, con pacchetti adatti a ogni esigenza.<br \/>\nApprofittate della qualit\u00e0 dei servizi di Bye Bad Tattoo per rimuovere i vostri tatuaggi nel nostro centro di Losanna.<\/p>\n<p>[\/et_pb_text][\/et_pb_column][\/et_pb_row][\/et_pb_section][et_pb_section fb_built=&#8221;1&#8243; _builder_version=&#8221;4.18.1&#8243; _module_preset=&#8221;default&#8221; background_color=&#8221;RGBA(255,255,255,0)&#8221; custom_padding=&#8221;0px||0px||true|false&#8221; global_colors_info=&#8221;{}&#8221;][et_pb_row column_structure=&#8221;1_2,1_2&#8243; use_custom_gutter=&#8221;on&#8221; gutter_width=&#8221;1&#8243; make_equal=&#8221;on&#8221; _builder_version=&#8221;4.18.1&#8243; _module_preset=&#8221;default&#8221; width=&#8221;100%&#8221; max_width=&#8221;100%&#8221; custom_padding=&#8221;1px||0px||false|true&#8221; global_colors_info=&#8221;{}&#8221;][et_pb_column type=&#8221;1_2&#8243; _builder_version=&#8221;4.18.1&#8243; _module_preset=&#8221;default&#8221; background_color=&#8221;#0ba0c1&#8243; background_image=&#8221;https:\/\/byebadtattoo.com\/wp-content\/uploads\/2023\/01\/sombre-texte.jpg&#8221; background_blend=&#8221;multiply&#8221; custom_padding=&#8221;4%|4%|4%|11%|true|false&#8221; custom_padding_tablet=&#8221;4%|4%|4%|11%|true|false&#8221; custom_padding_phone=&#8221;|||7%|true|false&#8221; custom_padding_last_edited=&#8221;on|phone&#8221; custom_css_main_element=&#8221;display: flex;||flex-direction: column;||justify-content: center;&#8221; global_colors_info=&#8221;{}&#8221;][et_pb_button button_url=&#8221;https:\/\/reservenlignelau.versum.com\/?trade=798133&#8243; url_new_window=&#8221;on&#8221; button_text=&#8221;FISSARE UN APPUNTAMENTO&#8221; _builder_version=&#8221;4.20.2&#8243; _module_preset=&#8221;default&#8221; custom_button=&#8221;on&#8221; button_text_size=&#8221;17px&#8221; button_text_color=&#8221;#FFFFFF&#8221; button_bg_color=&#8221;#E51B42&#8243; button_border_width=&#8221;0px&#8221; button_border_radius=&#8221;45px&#8221; custom_margin=&#8221;29px||||false|false&#8221; global_colors_info=&#8221;{}&#8221;][\/et_pb_button][et_pb_text _builder_version=&#8221;4.20.2&#8243; _module_preset=&#8221;default&#8221; text_text_color=&#8221;#FFFFFF&#8221; header_3_text_color=&#8221;#E51B42&#8243; custom_margin=&#8221;23px||||false|false&#8221; global_colors_info=&#8221;{}&#8221;]<\/p>\n<h3>INDIRIZZO<\/h3>\n<p>W. Haldimand Street 14<br \/>1003 Losanna<br \/>1\u00b0 piano<br \/>Tel. : <strong>+41 (0) 21 558 87 97<\/strong><\/p>\n<p><strong><\/strong><\/p>\n<h3>ORARIO DI APERTURA<\/h3>\n<p>Aperto su appuntamento dal luned\u00ec al sabato<\/p>\n<h3><\/h3>\n<h3>ACCESSO<\/h3>\n<p><strong>Parcheggio<\/strong>: Riponne 1190 posti (2 minuti a piedi)<br \/>Metropole 225 posti (4 minuti a piedi)<br \/><strong>M2<\/strong>: Stazione Riponne-M.Bejart (2 minuti a piedi)<br \/><strong>Autobus<\/strong>: stazione Riponne-M.Bejart (2 minuti a piedi)<br \/>Stazione di Bel Air (1 minuto a piedi)<\/p>\n<p>[\/et_pb_text][\/et_pb_column][et_pb_column type=&#8221;1_2&#8243; _builder_version=&#8221;4.18.1&#8243; _module_preset=&#8221;default&#8221; global_colors_info=&#8221;{}&#8221;][et_pb_code _builder_version=&#8221;4.20.2&#8243; _module_preset=&#8221;default&#8221; global_colors_info=&#8221;{}&#8221;]<iframe src=\"https:\/\/www.google.com\/maps\/embed?pb=!1m18!1m12!1m3!1d1372.6378673370757!2d6.6293329985529335!3d46.52244529011265!2m3!1f0!2f0!3f0!3m2!1i1024!2i768!4f13.1!3m3!1m2!1s0x478c2fd1beaab25d%3A0xc5492d8011f1074f!2sAtelier%20du%20Regard%20Lausanne%20Sourcils%2C%20Microblading%2C%20Extensions%20cils%2C!5e0!3m2!1sfr!2sfr!4v1679488777422!5m2!1sfr!2sfr\" width=\"100%\" height=\"650\" style=\"border:0;\" allowfullscreen=\"\" loading=\"lazy\" referrerpolicy=\"no-referrer-when-downgrade\"><\/iframe>[\/et_pb_code][\/et_pb_column][\/et_pb_row][\/et_pb_section][et_pb_section fb_built=&#8221;1&#8243; _builder_version=&#8221;4.19.5&#8243; _module_preset=&#8221;default&#8221; global_colors_info=&#8221;{}&#8221;][et_pb_row _builder_version=&#8221;4.20.2&#8243; _module_preset=&#8221;default&#8221; max_width=&#8221;80%&#8221; hover_enabled=&#8221;0&#8243; global_colors_info=&#8221;{}&#8221; sticky_enabled=&#8221;0&#8243; max_width_last_edited=&#8221;on|phone&#8221; max_width_phone=&#8221;90%&#8221; width_last_edited=&#8221;on|phone&#8221; width_phone=&#8221;90%&#8221; max_width_tablet=&#8221;80%&#8221;][et_pb_column type=&#8221;4_4&#8243; _builder_version=&#8221;4.19.5&#8243; _module_preset=&#8221;default&#8221; global_colors_info=&#8221;{}&#8221;][dsm_masonry_gallery gallery_ids=&#8221;387956&#8243; use_lightbox=&#8221;on&#8221; _builder_version=&#8221;4.20.2&#8243; _module_preset=&#8221;default&#8221; hover_enabled=&#8221;0&#8243; global_colors_info=&#8221;{}&#8221; columns_last_edited=&#8221;on|phone&#8221; columns_phone=&#8221;2&#8243; sticky_enabled=&#8221;0&#8243;][\/dsm_masonry_gallery][\/et_pb_column][\/et_pb_row][\/et_pb_section]<\/p>\n","protected":false},"excerpt":{"rendered":"<p>TATTOO DI BASSOIl nostro centro per la rimozione dei tatuaggi a Losanna \u00e8 perfettamente situato nel cuore della citt\u00e0, garantendovi discrezione e facilit\u00e0 di accesso. Vi accoglieremo in uno spazio confortevole e sicuro, dotato delle pi\u00f9 moderne tecnologie per la rimozione dei tatuaggi. Il nostro team di professionisti vi ricever\u00e0 per un follow-up personalizzato, con pacchetti adatti a ogni esigenza. Approfittate della qualit\u00e0 dei servizi di Bye Bad Tattoo per rimuovere i vostri tatuaggi nel nostro centro di Losanna.INDIRIZZO W. Haldimand Street 141003 Losanna1\u00b0 pianoTel. : +41 (0) 21 558 87 97 ORARIO DI APERTURA Aperto su appuntamento dal luned\u00ec al sabato ACCESSO Parcheggio: Riponne 1190 posti (2 minuti a piedi)Metropole 225 posti (4 minuti a piedi)M2: Stazione Riponne-M.Bejart (2 minuti a piedi)Autobus: stazione Riponne-M.Bejart (2 minuti a piedi)Stazione di Bel Air (1 minuto a piedi)<div class=\"et_pb_module dsm_masonry_gallery dsm_masonry_gallery_0\">\n\t\t\t\t\n\t\t\t\t\n\t\t\t\t\n\t\t\t\t\n\t\t\t\t\n\t\t\t\t\n\t\t\t\t<div class=\"et_pb_module_inner\">\n\t\t\t\t\t<div class=\"dsm-gallery grid\" data-lightbox=\"true\" data-horizontalorder=\"true\">\n                <div class=\"grid-sizer\"><\/div><div class=\"gutter-sizer\"><\/div><div class=\"grid-item\">\n                    <a href=\"https:\/\/byebadtattoo.com\/wp-content\/uploads\/2023\/03\/lausanne.jpg\"  data-title='effacer-tatouage-lausanne'  data-caption='' data-mfp-src=\"https:\/\/byebadtattoo.com\/wp-content\/uploads\/2023\/03\/lausanne.jpg\">\n                        <div class=\"et_pb_image_wrap\">\n                            <img loading=\"lazy\" decoding=\"async\" src=\"https:\/\/byebadtattoo.com\/wp-content\/uploads\/2023\/03\/lausanne.jpg\" title=\"effacer-tatouage-lausanne\" alt=\"\" class=\"dsm-skip-lazyload\" srcset=\"https:\/\/byebadtattoo.com\/wp-content\/uploads\/2023\/03\/lausanne.jpg 450w, https:\/\/byebadtattoo.com\/wp-content\/uploads\/2023\/03\/lausanne-200x300.jpg 200w\" sizes=\"(max-width: 450px) 100vw, 450px\" width=\"450\" height=\"675\" \/>\n                            \n                        <\/div>\n                    <\/a>\n                <\/div>\n             <\/div>\n\t\t\t\t<\/div>\n\t\t\t<\/div><\/p>\n","protected":false},"author":1,"featured_media":0,"parent":389177,"menu_order":0,"comment_status":"closed","ping_status":"closed","template":"","meta":{"_et_pb_use_builder":"on","_et_pb_old_content":"","_et_gb_content_width":"","footnotes":""},"class_list":["post-389138","page","type-page","status-publish","hentry"],"yoast_head":"<!-- This site is optimized with the Yoast SEO plugin v27.0 - https:\/\/yoast.com\/product\/yoast-seo-wordpress\/ -->\n<title>Losanna - BYE BAD TATTOO<\/title>\n<meta name=\"robots\" content=\"index, follow, max-snippet:-1, max-image-preview:large, max-video-preview:-1\" \/>\n<link rel=\"canonical\" href=\"https:\/\/byebadtattoo.com\/it\/losanna\/\" \/>\n<meta property=\"og:locale\" content=\"it_IT\" \/>\n<meta property=\"og:type\" content=\"article\" \/>\n<meta property=\"og:title\" content=\"Losanna - BYE BAD TATTOO\" \/>\n<meta property=\"og:description\" content=\"TATTOO DI BASSOIl nostro centro per la rimozione dei tatuaggi a Losanna \u00e8 perfettamente situato nel cuore della citt\u00e0, garantendovi discrezione e facilit\u00e0 di accesso. Vi accoglieremo in uno spazio confortevole e sicuro, dotato delle pi\u00f9 moderne tecnologie per la rimozione dei tatuaggi. Il nostro team di professionisti vi ricever\u00e0 per un follow-up personalizzato, con pacchetti adatti a ogni esigenza. Approfittate della qualit\u00e0 dei servizi di Bye Bad Tattoo per rimuovere i vostri tatuaggi nel nostro centro di Losanna.INDIRIZZO W. Haldimand Street 141003 Losanna1\u00b0 pianoTel. : +41 (0) 21 558 87 97 ORARIO DI APERTURA Aperto su appuntamento dal luned\u00ec al sabato ACCESSO Parcheggio: Riponne 1190 posti (2 minuti a piedi)Metropole 225 posti (4 minuti a piedi)M2: Stazione Riponne-M.Bejart (2 minuti a piedi)Autobus: stazione Riponne-M.Bejart (2 minuti a piedi)Stazione di Bel Air (1 minuto a piedi)\" \/>\n<meta property=\"og:url\" content=\"https:\/\/byebadtattoo.com\/it\/losanna\/\" \/>\n<meta property=\"og:site_name\" content=\"BYE BAD TATTOO\" \/>\n<meta property=\"article:publisher\" content=\"https:\/\/www.facebook.com\/byebadtattoo\" \/>\n<meta property=\"article:modified_time\" content=\"2023-05-15T11:05:56+00:00\" \/>\n<meta name=\"twitter:card\" content=\"summary_large_image\" \/>\n<meta name=\"twitter:label1\" content=\"Tempo di lettura stimato\" \/>\n\t<meta name=\"twitter:data1\" content=\"6 minuti\" \/>\n<script type=\"application\/ld+json\" class=\"yoast-schema-graph\">{\"@context\":\"https:\/\/schema.org\",\"@graph\":[{\"@type\":\"WebPage\",\"@id\":\"https:\/\/byebadtattoo.com\/it\/losanna\/\",\"url\":\"https:\/\/byebadtattoo.com\/it\/losanna\/\",\"name\":\"Losanna - BYE BAD TATTOO\",\"isPartOf\":{\"@id\":\"https:\/\/byebadtattoo.com\/#website\"},\"datePublished\":\"2023-01-12T14:55:03+00:00\",\"dateModified\":\"2023-05-15T11:05:56+00:00\",\"breadcrumb\":{\"@id\":\"https:\/\/byebadtattoo.com\/it\/losanna\/#breadcrumb\"},\"inLanguage\":\"it-IT\",\"potentialAction\":[{\"@type\":\"ReadAction\",\"target\":[\"https:\/\/byebadtattoo.com\/it\/losanna\/\"]}]},{\"@type\":\"BreadcrumbList\",\"@id\":\"https:\/\/byebadtattoo.com\/it\/losanna\/#breadcrumb\",\"itemListElement\":[{\"@type\":\"ListItem\",\"position\":1,\"name\":\"Accueil\",\"item\":\"https:\/\/byebadtattoo.com\/it\/casa\/\"},{\"@type\":\"ListItem\",\"position\":2,\"name\":\"Losanna\"}]},{\"@type\":\"WebSite\",\"@id\":\"https:\/\/byebadtattoo.com\/#website\",\"url\":\"https:\/\/byebadtattoo.com\/\",\"name\":\"BYE BAD TATTOO\",\"description\":\"TATTOO REMOVAL CLINIC\",\"publisher\":{\"@id\":\"https:\/\/byebadtattoo.com\/#organization\"},\"potentialAction\":[{\"@type\":\"SearchAction\",\"target\":{\"@type\":\"EntryPoint\",\"urlTemplate\":\"https:\/\/byebadtattoo.com\/?s={search_term_string}\"},\"query-input\":{\"@type\":\"PropertyValueSpecification\",\"valueRequired\":true,\"valueName\":\"search_term_string\"}}],\"inLanguage\":\"it-IT\"},{\"@type\":\"Organization\",\"@id\":\"https:\/\/byebadtattoo.com\/#organization\",\"name\":\"BYE BAD TATTOO\",\"url\":\"https:\/\/byebadtattoo.com\/\",\"logo\":{\"@type\":\"ImageObject\",\"inLanguage\":\"it-IT\",\"@id\":\"https:\/\/byebadtattoo.com\/#\/schema\/logo\/image\/\",\"url\":\"https:\/\/byebadtattoo.com\/wp-content\/uploads\/2022\/10\/logo.png\",\"contentUrl\":\"https:\/\/byebadtattoo.com\/wp-content\/uploads\/2022\/10\/logo.png\",\"width\":650,\"height\":650,\"caption\":\"BYE BAD TATTOO\"},\"image\":{\"@id\":\"https:\/\/byebadtattoo.com\/#\/schema\/logo\/image\/\"},\"sameAs\":[\"https:\/\/www.facebook.com\/byebadtattoo\",\"https:\/\/www.instagram.com\/byebadtattoo\/\"]}]}<\/script>\n<!-- \/ Yoast SEO plugin. -->","yoast_head_json":{"title":"Losanna - BYE BAD TATTOO","robots":{"index":"index","follow":"follow","max-snippet":"max-snippet:-1","max-image-preview":"max-image-preview:large","max-video-preview":"max-video-preview:-1"},"canonical":"https:\/\/byebadtattoo.com\/it\/losanna\/","og_locale":"it_IT","og_type":"article","og_title":"Losanna - BYE BAD TATTOO","og_description":"TATTOO DI BASSOIl nostro centro per la rimozione dei tatuaggi a Losanna \u00e8 perfettamente situato nel cuore della citt\u00e0, garantendovi discrezione e facilit\u00e0 di accesso. Vi accoglieremo in uno spazio confortevole e sicuro, dotato delle pi\u00f9 moderne tecnologie per la rimozione dei tatuaggi. Il nostro team di professionisti vi ricever\u00e0 per un follow-up personalizzato, con pacchetti adatti a ogni esigenza. Approfittate della qualit\u00e0 dei servizi di Bye Bad Tattoo per rimuovere i vostri tatuaggi nel nostro centro di Losanna.INDIRIZZO W. Haldimand Street 141003 Losanna1\u00b0 pianoTel. : +41 (0) 21 558 87 97 ORARIO DI APERTURA Aperto su appuntamento dal luned\u00ec al sabato ACCESSO Parcheggio: Riponne 1190 posti (2 minuti a piedi)Metropole 225 posti (4 minuti a piedi)M2: Stazione Riponne-M.Bejart (2 minuti a piedi)Autobus: stazione Riponne-M.Bejart (2 minuti a piedi)Stazione di Bel Air (1 minuto a piedi)","og_url":"https:\/\/byebadtattoo.com\/it\/losanna\/","og_site_name":"BYE BAD TATTOO","article_publisher":"https:\/\/www.facebook.com\/byebadtattoo","article_modified_time":"2023-05-15T11:05:56+00:00","twitter_card":"summary_large_image","twitter_misc":{"Tempo di lettura stimato":"6 minuti"},"schema":{"@context":"https:\/\/schema.org","@graph":[{"@type":"WebPage","@id":"https:\/\/byebadtattoo.com\/it\/losanna\/","url":"https:\/\/byebadtattoo.com\/it\/losanna\/","name":"Losanna - BYE BAD TATTOO","isPartOf":{"@id":"https:\/\/byebadtattoo.com\/#website"},"datePublished":"2023-01-12T14:55:03+00:00","dateModified":"2023-05-15T11:05:56+00:00","breadcrumb":{"@id":"https:\/\/byebadtattoo.com\/it\/losanna\/#breadcrumb"},"inLanguage":"it-IT","potentialAction":[{"@type":"ReadAction","target":["https:\/\/byebadtattoo.com\/it\/losanna\/"]}]},{"@type":"BreadcrumbList","@id":"https:\/\/byebadtattoo.com\/it\/losanna\/#breadcrumb","itemListElement":[{"@type":"ListItem","position":1,"name":"Accueil","item":"https:\/\/byebadtattoo.com\/it\/casa\/"},{"@type":"ListItem","position":2,"name":"Losanna"}]},{"@type":"WebSite","@id":"https:\/\/byebadtattoo.com\/#website","url":"https:\/\/byebadtattoo.com\/","name":"BYE BAD TATTOO","description":"TATTOO REMOVAL CLINIC","publisher":{"@id":"https:\/\/byebadtattoo.com\/#organization"},"potentialAction":[{"@type":"SearchAction","target":{"@type":"EntryPoint","urlTemplate":"https:\/\/byebadtattoo.com\/?s={search_term_string}"},"query-input":{"@type":"PropertyValueSpecification","valueRequired":true,"valueName":"search_term_string"}}],"inLanguage":"it-IT"},{"@type":"Organization","@id":"https:\/\/byebadtattoo.com\/#organization","name":"BYE BAD TATTOO","url":"https:\/\/byebadtattoo.com\/","logo":{"@type":"ImageObject","inLanguage":"it-IT","@id":"https:\/\/byebadtattoo.com\/#\/schema\/logo\/image\/","url":"https:\/\/byebadtattoo.com\/wp-content\/uploads\/2022\/10\/logo.png","contentUrl":"https:\/\/byebadtattoo.com\/wp-content\/uploads\/2022\/10\/logo.png","width":650,"height":650,"caption":"BYE BAD TATTOO"},"image":{"@id":"https:\/\/byebadtattoo.com\/#\/schema\/logo\/image\/"},"sameAs":["https:\/\/www.facebook.com\/byebadtattoo","https:\/\/www.instagram.com\/byebadtattoo\/"]}]}},"_links":{"self":[{"href":"https:\/\/byebadtattoo.com\/it\/wp-json\/wp\/v2\/pages\/389138","targetHints":{"allow":["GET"]}}],"collection":[{"href":"https:\/\/byebadtattoo.com\/it\/wp-json\/wp\/v2\/pages"}],"about":[{"href":"https:\/\/byebadtattoo.com\/it\/wp-json\/wp\/v2\/types\/page"}],"author":[{"embeddable":true,"href":"https:\/\/byebadtattoo.com\/it\/wp-json\/wp\/v2\/users\/1"}],"replies":[{"embeddable":true,"href":"https:\/\/byebadtattoo.com\/it\/wp-json\/wp\/v2\/comments?post=389138"}],"version-history":[{"count":1,"href":"https:\/\/byebadtattoo.com\/it\/wp-json\/wp\/v2\/pages\/389138\/revisions"}],"predecessor-version":[{"id":389141,"href":"https:\/\/byebadtattoo.com\/it\/wp-json\/wp\/v2\/pages\/389138\/revisions\/389141"}],"up":[{"embeddable":true,"href":"https:\/\/byebadtattoo.com\/it\/wp-json\/wp\/v2\/pages\/389177"}],"wp:attachment":[{"href":"https:\/\/byebadtattoo.com\/it\/wp-json\/wp\/v2\/media?parent=389138"}],"curies":[{"name":"wp","href":"https:\/\/api.w.org\/{rel}","templated":true}]}}