{"id":389181,"date":"2023-01-11T15:48:08","date_gmt":"2023-01-11T14:48:08","guid":{"rendered":"https:\/\/byebadtattoo.com\/faq\/"},"modified":"2023-05-15T13:10:56","modified_gmt":"2023-05-15T11:10:56","slug":"faq","status":"publish","type":"page","link":"https:\/\/byebadtattoo.com\/it\/faq\/","title":{"rendered":"FAQ"},"content":{"rendered":"<p>[et_pb_section fb_built=&#8221;1&#8243; admin_label=&#8221;Section &#8211; 3-9 Header Divi Layout Kit &#8211; BG Image 1900&#215;1160 Pixels&#8221; module_class=&#8221;header3&#8243; _builder_version=&#8221;4.20.2&#8243; use_background_color_gradient=&#8221;on&#8221; background_color_gradient_direction=&#8221;117deg&#8221; background_color_gradient_stops=&#8221;#094263 44%|rgba(41,196,169,0) 44%&#8221; background_color_gradient_overlays_image=&#8221;on&#8221; background_image=&#8221;https:\/\/byebadtattoo.com\/wp-content\/uploads\/2023\/03\/FAQ-header.jpg&#8221; background_position=&#8221;center_right&#8221; custom_padding=&#8221;||195px|||&#8221; hover_enabled=&#8221;0&#8243; global_colors_info=&#8221;{}&#8221; background_last_edited=&#8221;on|phone&#8221; sticky_enabled=&#8221;0&#8243; background_color_gradient_stops_phone=&#8221;rgba(9,66,99,0.63) 44%|rgba(41,196,169,0) 100%&#8221; use_background_color_gradient_phone=&#8221;on&#8221; background_color_gradient_direction_phone=&#8221;125deg&#8221; background_horizontal_offset_phone=&#8221;26%&#8221;][et_pb_row column_structure=&#8221;2_3,1_3&#8243; use_custom_gutter=&#8221;on&#8221; gutter_width=&#8221;1&#8243; custom_padding_last_edited=&#8221;on|phone&#8221; admin_label=&#8221;Riga &#8211; Kit di layout Divi con intestazione 3-9&#8243; _builder_version=&#8221;4.18.1&#8243; background_size=&#8221;initial&#8221; background_position=&#8221;top_left&#8221; background_repeat=&#8221;repeat&#8221; custom_padding=&#8221;6vw||0vw|||&#8221; custom_padding_tablet=&#8221;6vw||6vw|&#8221; custom_padding_phone=&#8221;8vw||8vw|&#8221; custom_css_main_element=&#8221; max-width: 1442px;&#8221; global_colors_info=&#8221;{}&#8221;][et_pb_column type=&#8221;2_3&#8243; _builder_version=&#8221;4.16&#8243; custom_padding=&#8221;|||&#8221; global_colors_info=&#8221;{}&#8221; custom_padding__hover=&#8221;|||&#8221;][et_pb_text _builder_version=&#8221;4.18.1&#8243; _module_preset=&#8221;default&#8221; header_font=&#8221;Poppins|300|||||||&#8221; header_text_color=&#8221;#FFFFFF&#8221; header_font_size=&#8221;76px&#8221; global_colors_info=&#8221;{}&#8221;]<\/p>\n<h1>FAQ<\/h1>\n<p>[\/et_pb_text][\/et_pb_column][et_pb_column type=&#8221;1_3&#8243; _builder_version=&#8221;4.16&#8243; custom_padding=&#8221;|||&#8221; global_colors_info=&#8221;{}&#8221; custom_padding__hover=&#8221;|||&#8221;][\/et_pb_column][\/et_pb_row][\/et_pb_section][et_pb_section fb_built=&#8221;1&#8243; _builder_version=&#8221;4.18.1&#8243; _module_preset=&#8221;default&#8221; use_background_color_gradient=&#8221;on&#8221; background_color_gradient_stops=&#8221;rgba(255,255,255,0.81) 0%|rgba(255,255,255,0.68) 100%&#8221; background_color_gradient_overlays_image=&#8221;on&#8221; background_image=&#8221;https:\/\/byebadtattoo.com\/wp-content\/uploads\/2023\/01\/points.png&#8221; background_size=&#8221;contain&#8221; background_position=&#8221;top_right&#8221; background_horizontal_offset=&#8221;-8%&#8221; background_vertical_offset=&#8221;0%&#8221; global_colors_info=&#8221;{}&#8221;][et_pb_row _builder_version=&#8221;4.20.2&#8243; _module_preset=&#8221;default&#8221; hover_enabled=&#8221;0&#8243; global_colors_info=&#8221;{}&#8221; sticky_enabled=&#8221;0&#8243; width_last_edited=&#8221;on|phone&#8221; width_phone=&#8221;90%&#8221;][et_pb_column type=&#8221;4_4&#8243; _builder_version=&#8221;4.18.1&#8243; _module_preset=&#8221;default&#8221; global_colors_info=&#8221;{}&#8221;][dsm_faq dsm_accordion_gap=&#8221;20px&#8221; dsm_enable_schema_markup=&#8221;on&#8221; dsm_close_bg_color=&#8221;#094263&#8243; dsm_open_icon_bg_color=&#8221;RGBA(255,255,255,0)&#8221; dsm_open_icon_color=&#8221;#E51B42&#8243; dsm_close_icon_color=&#8221;#E51B42&#8243; dsm_animate_icon=&#8221;on&#8221; dsm_content_padding=&#8221;20px||||false|false&#8221; _builder_version=&#8221;4.19.5&#8243; _module_preset=&#8221;default&#8221; header_font=&#8221;Poppins||||||||&#8221; header_text_color=&#8221;#094263&#8243; header_font_size=&#8221;18px&#8221; closed_header_text_color=&#8221;#FFFFFF&#8221; custom_padding=&#8221;||||false|false&#8221; border_color_all_dsm_image_close_border=&#8221;RGBA(255,255,255,0)&#8221; global_colors_info=&#8221;{}&#8221;][dsm_faq_child dsm_title=&#8221;Quante sedute sono necessarie per rimuovere completamente un tatuaggio con il laser?&#8221; dsm_content=&#8221;<\/p>\n<p style=%22text-align: justify;%22>In genere si consigliano da 4 a 10 sedute e la maggior parte dei tatuaggi scomparir\u00e0 entro la sesta seduta. La dimensione del tatuaggio, il suo colore, la qualit\u00e0 dei pigmenti impiantati e la loro profondit\u00e0 saranno fattori determinanti per il numero di sedute necessarie per la rimozione del tatuaggio. La prima consulenza inclusa in tutti i nostri pacchetti serve a definire quante sedute saranno necessarie per cancellare completamente il vostro tatuaggio, a seconda delle sue diverse caratteristiche e della vostra pelle. Il numero di sedute pu\u00f2 essere rivalutato dopo ogni appuntamento e, se avete gi\u00e0 optato per un pacchetto, questo pu\u00f2 essere modificato se necessario.<\/p>\n<p>&#8221; _builder_version=&#8221;4.19.5&#8243; _module_preset=&#8221;default&#8221; global_colors_info=&#8221;{}&#8221; parentOrderClass=&#8221;dsm_faq_0&#8243;][\/dsm_faq_child][dsm_faq_child dsm_title=&#8221;Quanto tempo passa tra una sessione e l&#8217;altra?&#8221; dsm_content=&#8221;<\/p>\n<p style=%22text-align: justify;%22>Le sedute vengono effettuate ogni 6-8 settimane, a seconda del ciclo di guarigione della pelle. Infatti, per un risultato ottimale, \u00e8 necessario lasciare il tempo alle cellule di rigenerarsi e all&#8217;organismo di eliminare i frammenti di pigmenti dal tatuaggio trattato tra un appuntamento e l&#8217;altro.<\/p>\n<p>&#8221; _builder_version=&#8221;4.19.5&#8243; _module_preset=&#8221;default&#8221; global_colors_info=&#8221;{}&#8221; parentOrderClass=&#8221;dsm_faq_0&#8243;][\/dsm_faq_child][dsm_faq_child dsm_title=&#8221;La rimozione del tatuaggio \u00e8 dolorosa?&#8221; dsm_content=&#8221;<\/p>\n<p style=%22text-align: justify;%22>La tecnologia si \u00e8 notevolmente evoluta rispetto ai primi tatuaggi, rendendo le sedute sopportabili, allo stesso modo di una seduta di tatuaggio, ma con un dispendio di tempo molto minore. Quando il laser entra in contatto con la pelle, si avverte una sensazione di formicolio, che pu\u00f2 essere attenuata applicando una crema anestetica come Emla 60 minuti prima della seduta. Questo tipo di crema si trova in farmacia.<\/p>\n<p>&#8221; _builder_version=&#8221;4.19.5&#8243; _module_preset=&#8221;default&#8221; global_colors_info=&#8221;{}&#8221; parentOrderClass=&#8221;dsm_faq_0&#8243;][\/dsm_faq_child][dsm_faq_child dsm_title=&#8221;Posso uscire al sole dopo una seduta di rimozione del tatuaggio?&#8221; dsm_content=&#8221;<\/p>\n<p>Si raccomanda di non esporre l&#8217;area trattata alla luce solare o ai raggi UV fino a 3 mesi dopo l&#8217;ultima seduta. Infatti, l&#8217;esposizione potrebbe portare a un&#8217;iperpigmentazione della pelle. \u00c8 possibile proteggere la zona direttamente con un bendaggio oppure, quando la pelle \u00e8 guarita, utilizzare una crema solare con fattore di protezione 50+ e riapplicarla ogni ora.<\/p>\n<p>&#8221; _builder_version=&#8221;4.18.1&#8243; _module_preset=&#8221;default&#8221; global_colors_info=&#8221;{}&#8221; parentOrderClass=&#8221;dsm_faq_0&#8243;][\/dsm_faq_child][dsm_faq_child dsm_title=&#8221;\u00c8 possibile scongelare la pelle abbronzata?&#8221; dsm_content=&#8221;<\/p>\n<p style=%22text-align: justify;%22>La rimozione dei tatuaggi non viene eseguita sulla pelle abbronzata. Esiste infatti un rischio di ipopigmentazione in seguito all&#8217;uso del laser su una pelle recentemente esposta al sole. \u00c8 quindi necessario attendere la scomparsa dell&#8217;abbronzatura prima di effettuare una seduta. In genere sono sufficienti 2 settimane.<\/p>\n<p>&#8221; _builder_version=&#8221;4.19.5&#8243; _module_preset=&#8221;default&#8221; global_colors_info=&#8221;{}&#8221; parentOrderClass=&#8221;dsm_faq_0&#8243;][\/dsm_faq_child][dsm_faq_child dsm_title=&#8221;Rimozione del tatuaggio delle sopracciglia: si perdono i peli?&#8221; dsm_content=&#8221;<\/p>\n<p style=%22text-align: justify;%22>La risposta \u00e8 NO, dopo le sedute di rimozione del tatuaggio i capelli saranno ancora presenti. Tuttavia, si pu\u00f2 notare una depigmentazione temporanea, poich\u00e9 la ricrescita dei capelli riporta gradualmente il colore originale.<\/p>\n<p>&#8221; _builder_version=&#8221;4.19.5&#8243; _module_preset=&#8221;default&#8221; global_colors_info=&#8221;{}&#8221; parentOrderClass=&#8221;dsm_faq_0&#8243;][\/dsm_faq_child][dsm_faq_child dsm_title=&#8221;Il laser \u00e8 efficace e sicuro sulla pelle scura e opaca?&#8221; dsm_content=&#8221;<\/p>\n<p style=%22text-align: justify;%22>I parametri del laser a picosecondi consentono di eliminare tutti i fototipi di pelle, dai pi\u00f9 chiari ai pi\u00f9 scuri. Grazie alla fototermolisi selettiva, il laser agisce sulle aree colorate della pelle, ma i pigmenti naturali della pelle non hanno le stesse dimensioni dei pigmenti esogeni del tatuaggio. La potenza del laser e la sua durata vengono quindi regolate dai nostri esperti, in modo da colpire solo i pigmenti del tatuaggio. Ci\u00f2 significa che la rimozione del tatuaggio pu\u00f2 essere effettuata in modo sicuro. Il numero di sedute per i tipi di pelle pi\u00f9 scuri sar\u00e0 pi\u00f9 alto, ma il risultato sar\u00e0 lo stesso di quello per i tipi di pelle pi\u00f9 chiari.<\/p>\n<p>&#8221; _builder_version=&#8221;4.19.5&#8243; _module_preset=&#8221;default&#8221; global_colors_info=&#8221;{}&#8221; parentOrderClass=&#8221;dsm_faq_0&#8243;][\/dsm_faq_child][dsm_faq_child dsm_title=&#8221;La rimozione del tatuaggio lascia una cicatrice?&#8221; dsm_content=&#8221;<\/p>\n<p style=%22text-align: justify;%22>La tecnologia a picosecondi utilizzata dai nostri esperti di Bye Bad Tattoo e le loro conoscenze nella rimozione dei tatuaggi consentono di ottenere un risultato ottimale senza cicatrici per la maggior parte dei tatuaggi. A differenza dei laser di vecchia generazione che possono lasciare un tatuaggio fantasma o tracce del loro passaggio, l&#8217;evoluzione del laser a picosecondi preserva la pelle mirando solo ai pigmenti del tatuaggio. Naturalmente \u00e8 necessario rispettare le indicazioni pre e post seduta per ottenere il risultato atteso.<\/p>\n<p>&#8221; _builder_version=&#8221;4.19.5&#8243; _module_preset=&#8221;default&#8221; global_colors_info=&#8221;{}&#8221; parentOrderClass=&#8221;dsm_faq_0&#8243;][\/dsm_faq_child][dsm_faq_child dsm_title=&#8221;Quali sono le cure da prestare dopo la rimozione di un tatuaggio?&#8221; dsm_content=&#8221;<\/p>\n<p style=%22text-align: justify;%22>Dopo le sedute di rimozione del tatuaggio, \u00e8 importante mantenere l&#8217;area pulita. Si consiglia di applicare una crema curativa da 3 a 4 volte al giorno per ottimizzare il processo di guarigione e di bere almeno 1,5 litri di acqua al giorno per una settimana. In seguito, \u00e8 necessario continuare ad applicare la crema curativa una o due volte al giorno per un mese. Se viene applicata una medicazione sulla pelle trattata, questa deve essere cambiata una volta al giorno.<\/p>\n<p>&#8221; _builder_version=&#8221;4.19.5&#8243; _module_preset=&#8221;default&#8221; global_colors_info=&#8221;{}&#8221; parentOrderClass=&#8221;dsm_faq_0&#8243;][\/dsm_faq_child][dsm_faq_child dsm_title=&#8221;Posso tatuarmi di nuovo dopo la rimozione di un tatuaggio?&#8221; dsm_content=&#8221;<\/p>\n<p style=%22text-align: justify;%22>Alcune persone si fanno rimuovere un tatuaggio per poter riattaccare un nuovo desiderio all&#8217;area gi\u00e0 inchiostrata. Con un pacchetto di rimozione pre-copertura o completa del tatuaggio, dovrete aspettare 2 mesi prima di tornare da un tatuatore. \u00c8 questo il momento in cui la pelle ha bisogno di sentirsi come nuova.<\/p>\n<p>&#8221; _builder_version=&#8221;4.19.5&#8243; _module_preset=&#8221;default&#8221; global_colors_info=&#8221;{}&#8221; parentOrderClass=&#8221;dsm_faq_0&#8243;][\/dsm_faq_child][dsm_faq_child dsm_title=&#8221;Un tatuaggio recente pu\u00f2 essere rimosso?&#8221; dsm_content=&#8221;<\/p>\n<p style=%22text-align: justify;%22>Se avete appena fatto un tatuaggio e non vi piace, dovrete aspettare almeno 2 mesi tra la data del tatuaggio e la prima seduta di rimozione. Infatti, \u00e8 necessario attendere che i pigmenti siano ben fissati nella pelle guarita perch\u00e9 la rimozione del tatuaggio sia efficace.<\/p>\n<p>&#8221; _builder_version=&#8221;4.19.5&#8243; _module_preset=&#8221;default&#8221; global_colors_info=&#8221;{}&#8221; parentOrderClass=&#8221;dsm_faq_0&#8243;][\/dsm_faq_child][dsm_faq_child dsm_title=&#8221;Le donne in gravidanza possono farsi tatuare?&#8221; dsm_content=&#8221;<\/p>\n<p style=%22text-align: justify;%22>Non eseguiamo la rimozione dei tatuaggi durante i 9 mesi di gravidanza. In caso di gravidanza durante il periodo di trattamento, \u00e8 possibile riprendere le sedute al termine del periodo di allattamento. In effetti, preferiamo applicare il principio di precauzione. Se durante il trattamento si fa una pausa di alcuni mesi o anni, questo non aumenter\u00e0 il numero di sedute necessarie per la rimozione del tatuaggio n\u00e9 avr\u00e0 un impatto sul risultato finale.<\/p>\n<p>&#8221; _builder_version=&#8221;4.19.5&#8243; _module_preset=&#8221;default&#8221; global_colors_info=&#8221;{}&#8221; parentOrderClass=&#8221;dsm_faq_0&#8243;][\/dsm_faq_child][dsm_faq_child dsm_title=&#8221;Ci sono effetti collaterali?&#8221; dsm_content=&#8221;<\/p>\n<p>Il laser a picosecondi consente una rimozione %22soft%22 del tatuaggio che limita la comparsa di effetti collaterali. Dopo le sedute, possono comparire arrossamenti, croste o vesciche sulla zona.<br \/>trattati. Continuate ad applicare la crema curativa senza grattarvi, scompariranno da sole senza lasciare traccia.<\/p>\n<p>&#8221; _builder_version=&#8221;4.18.1&#8243; _module_preset=&#8221;default&#8221; global_colors_info=&#8221;{}&#8221; parentOrderClass=&#8221;dsm_faq_0&#8243;][\/dsm_faq_child][dsm_faq_child dsm_title=&#8221;Il laser \u00e8 efficace su tutti i colori?&#8221; dsm_content=&#8221;<\/p>\n<p style=%22text-align: justify;%22>S\u00ec, il laser a picosecondi \u00e8 in grado di rimuovere la maggior parte dei colori dei tatuaggi grazie alle sue diverse lunghezze d&#8217;onda che agiscono su un ampio spettro cromatico. I disegni monocromatici neri saranno i pi\u00f9 facili da rimuovere, ma il livello di risultato della rimozione di un tatuaggio policromo sar\u00e0 lo stesso. Tuttavia, alcuni verdi e blu possono essere pi\u00f9 difficili da cancellare.<\/p>\n<p>&#8221; _builder_version=&#8221;4.19.5&#8243; _module_preset=&#8221;default&#8221; global_colors_info=&#8221;{}&#8221; parentOrderClass=&#8221;dsm_faq_0&#8243;][\/dsm_faq_child][dsm_faq_child dsm_title=&#8221;\u00c8 possibile rimuovere un tatuaggio coperto?&#8221; dsm_content=&#8221;<\/p>\n<p style=%22text-align: justify;%22>Il laser pu\u00f2 essere utilizzato per rimuovere i tatuaggi coperti; ci\u00f2 richiede pi\u00f9 tempo e quindi pi\u00f9 sedute, ma \u00e8 comunque possibile.<\/p>\n<p>&#8221; _builder_version=&#8221;4.19.5&#8243; _module_preset=&#8221;default&#8221; global_colors_info=&#8221;{}&#8221; parentOrderClass=&#8221;dsm_faq_0&#8243;][\/dsm_faq_child][\/dsm_faq][\/et_pb_column][\/et_pb_row][\/et_pb_section]<\/p>\n","protected":false},"excerpt":{"rendered":"<p>FAQ<div class=\"et_pb_with_border et_pb_module dsm_faq dsm_faq_0\">\n\t\t\t\t\n\t\t\t\t\n\t\t\t\t\n\t\t\t\t\n\t\t\t\t\n\t\t\t\t\n\t\t\t\t<div class=\"et_pb_module_inner\">\n\t\t\t\t\t<div class=\"dsm-faq-container dsm-front\" data-accordion=\"off\" data-open_first_item=\"off\">\n\t\t\t\t\n\t\t\t <\/div>\n\t\t\t \n\t\t\t\n\t\t\t\t<\/div>\n\t\t\t<\/div><div class=\"dsm_faq_child_0 dsm-faq-item-wrapper\">\n\t\t\t\t<div class=\"dsm-title-wrapper\">\n\t\t\t\t <div class=\"dsm-title-inner-wrapper\">\n\t\t\t\t   <div class=\"dsm_open_icon\"><span>K<\/span><\/div>\n\t\t\t\t   <div class=\"dsm_close_icon\"><span>L<\/span><\/div>\n\t\t\t\t   \n\t\t\t\t   \n\t\t\t\t   <h5 class=\"dsm-faq-title\">Quante sedute sono necessarie per rimuovere completamente un tatuaggio con il laser?<\/h5>\n\t\t\t\t <\/div> \n\t\t\t\t <div class=\"dsm-faq-item-inner-wrapper\">\n\t\t\t\t   \n\t\t\t\t   \n\t\t\t\t   \n\t\t\t\t   \n\t\t\t\t <\/div>\n\t\t\t\t<\/div>\n\t\t\t\t<div class=\"dsm-faq-content\">In genere si consigliano da 4 a 10 sedute e la maggior parte dei tatuaggi scomparir\u00e0 entro la sesta seduta. La dimensione del tatuaggio, il suo colore, la qualit\u00e0 dei pigmenti impiantati e la loro profondit\u00e0 saranno fattori determinanti per il numero di sedute necessarie per la rimozione del tatuaggio. La prima consulenza inclusa in tutti i nostri pacchetti serve a definire quante sedute saranno necessarie per cancellare completamente il vostro tatuaggio, a seconda delle sue diverse caratteristiche e della vostra pelle. Il numero di sedute pu\u00f2 essere rivalutato dopo ogni appuntamento e, se avete gi\u00e0 optato per un pacchetto, questo pu\u00f2 essere modificato se necessario.<\/div>\n\t\t\t <\/div>\n\t\t\t<div class=\"dsm_faq_child_1 dsm-faq-item-wrapper\">\n\t\t\t\t<div class=\"dsm-title-wrapper\">\n\t\t\t\t <div class=\"dsm-title-inner-wrapper\">\n\t\t\t\t   <div class=\"dsm_open_icon\"><span>K<\/span><\/div>\n\t\t\t\t   <div class=\"dsm_close_icon\"><span>L<\/span><\/div>\n\t\t\t\t   \n\t\t\t\t   \n\t\t\t\t   <h5 class=\"dsm-faq-title\">Quanto tempo passa tra una sessione e l'altra?<\/h5>\n\t\t\t\t <\/div> \n\t\t\t\t <div class=\"dsm-faq-item-inner-wrapper\">\n\t\t\t\t   \n\t\t\t\t   \n\t\t\t\t   \n\t\t\t\t   \n\t\t\t\t <\/div>\n\t\t\t\t<\/div>\n\t\t\t\t<div class=\"dsm-faq-content\">Le sedute vengono effettuate ogni 6-8 settimane, a seconda del ciclo di guarigione della pelle. Infatti, per un risultato ottimale, \u00e8 necessario lasciare il tempo alle cellule di rigenerarsi e all'organismo di eliminare i frammenti di pigmenti dal tatuaggio trattato tra un appuntamento e l'altro.<\/div>\n\t\t\t <\/div>\n\t\t\t<div class=\"dsm_faq_child_2 dsm-faq-item-wrapper\">\n\t\t\t\t<div class=\"dsm-title-wrapper\">\n\t\t\t\t <div class=\"dsm-title-inner-wrapper\">\n\t\t\t\t   <div class=\"dsm_open_icon\"><span>K<\/span><\/div>\n\t\t\t\t   <div class=\"dsm_close_icon\"><span>L<\/span><\/div>\n\t\t\t\t   \n\t\t\t\t   \n\t\t\t\t   <h5 class=\"dsm-faq-title\">&#8221;La<\/h5>\n\t\t\t\t <\/div> \n\t\t\t\t <div class=\"dsm-faq-item-inner-wrapper\">\n\t\t\t\t   \n\t\t\t\t   \n\t\t\t\t   \n\t\t\t\t   \n\t\t\t\t <\/div>\n\t\t\t\t<\/div>\n\t\t\t\t\n\t\t\t <\/div>\n\t\t\t<\/p>\n","protected":false},"author":1,"featured_media":0,"parent":0,"menu_order":0,"comment_status":"closed","ping_status":"closed","template":"","meta":{"_et_pb_use_builder":"on","_et_pb_old_content":"","_et_gb_content_width":"","footnotes":""},"class_list":["post-389181","page","type-page","status-publish","hentry"],"yoast_head":"<!-- This site is optimized with the Yoast SEO plugin v27.0 - https:\/\/yoast.com\/product\/yoast-seo-wordpress\/ -->\n<title>FAQ - BYE BAD TATTOO<\/title>\n<meta name=\"robots\" content=\"index, follow, max-snippet:-1, max-image-preview:large, max-video-preview:-1\" \/>\n<link rel=\"canonical\" href=\"https:\/\/byebadtattoo.com\/it\/faq\/\" \/>\n<meta property=\"og:locale\" content=\"it_IT\" \/>\n<meta property=\"og:type\" content=\"article\" \/>\n<meta property=\"og:title\" content=\"FAQ - BYE BAD TATTOO\" \/>\n<meta property=\"og:description\" content=\"FAQ\" \/>\n<meta property=\"og:url\" content=\"https:\/\/byebadtattoo.com\/it\/faq\/\" \/>\n<meta property=\"og:site_name\" content=\"BYE BAD TATTOO\" \/>\n<meta property=\"article:publisher\" content=\"https:\/\/www.facebook.com\/byebadtattoo\" \/>\n<meta property=\"article:modified_time\" content=\"2023-05-15T11:10:56+00:00\" \/>\n<meta name=\"twitter:card\" content=\"summary_large_image\" \/>\n<meta name=\"twitter:label1\" content=\"Tempo di lettura stimato\" \/>\n\t<meta name=\"twitter:data1\" content=\"9 minuti\" \/>\n<script type=\"application\/ld+json\" class=\"yoast-schema-graph\">{\"@context\":\"https:\/\/schema.org\",\"@graph\":[{\"@type\":\"WebPage\",\"@id\":\"https:\/\/byebadtattoo.com\/it\/faq\/\",\"url\":\"https:\/\/byebadtattoo.com\/it\/faq\/\",\"name\":\"FAQ - BYE BAD TATTOO\",\"isPartOf\":{\"@id\":\"https:\/\/byebadtattoo.com\/#website\"},\"datePublished\":\"2023-01-11T14:48:08+00:00\",\"dateModified\":\"2023-05-15T11:10:56+00:00\",\"breadcrumb\":{\"@id\":\"https:\/\/byebadtattoo.com\/it\/faq\/#breadcrumb\"},\"inLanguage\":\"it-IT\",\"potentialAction\":[{\"@type\":\"ReadAction\",\"target\":[\"https:\/\/byebadtattoo.com\/it\/faq\/\"]}]},{\"@type\":\"BreadcrumbList\",\"@id\":\"https:\/\/byebadtattoo.com\/it\/faq\/#breadcrumb\",\"itemListElement\":[{\"@type\":\"ListItem\",\"position\":1,\"name\":\"Accueil\",\"item\":\"https:\/\/byebadtattoo.com\/it\/casa\/\"},{\"@type\":\"ListItem\",\"position\":2,\"name\":\"FAQ\"}]},{\"@type\":\"WebSite\",\"@id\":\"https:\/\/byebadtattoo.com\/#website\",\"url\":\"https:\/\/byebadtattoo.com\/\",\"name\":\"BYE BAD TATTOO\",\"description\":\"TATTOO REMOVAL CLINIC\",\"publisher\":{\"@id\":\"https:\/\/byebadtattoo.com\/#organization\"},\"potentialAction\":[{\"@type\":\"SearchAction\",\"target\":{\"@type\":\"EntryPoint\",\"urlTemplate\":\"https:\/\/byebadtattoo.com\/?s={search_term_string}\"},\"query-input\":{\"@type\":\"PropertyValueSpecification\",\"valueRequired\":true,\"valueName\":\"search_term_string\"}}],\"inLanguage\":\"it-IT\"},{\"@type\":\"Organization\",\"@id\":\"https:\/\/byebadtattoo.com\/#organization\",\"name\":\"BYE BAD TATTOO\",\"url\":\"https:\/\/byebadtattoo.com\/\",\"logo\":{\"@type\":\"ImageObject\",\"inLanguage\":\"it-IT\",\"@id\":\"https:\/\/byebadtattoo.com\/#\/schema\/logo\/image\/\",\"url\":\"https:\/\/byebadtattoo.com\/wp-content\/uploads\/2022\/10\/logo.png\",\"contentUrl\":\"https:\/\/byebadtattoo.com\/wp-content\/uploads\/2022\/10\/logo.png\",\"width\":650,\"height\":650,\"caption\":\"BYE BAD TATTOO\"},\"image\":{\"@id\":\"https:\/\/byebadtattoo.com\/#\/schema\/logo\/image\/\"},\"sameAs\":[\"https:\/\/www.facebook.com\/byebadtattoo\",\"https:\/\/www.instagram.com\/byebadtattoo\/\"]}]}<\/script>\n<!-- \/ Yoast SEO plugin. -->","yoast_head_json":{"title":"FAQ - BYE BAD TATTOO","robots":{"index":"index","follow":"follow","max-snippet":"max-snippet:-1","max-image-preview":"max-image-preview:large","max-video-preview":"max-video-preview:-1"},"canonical":"https:\/\/byebadtattoo.com\/it\/faq\/","og_locale":"it_IT","og_type":"article","og_title":"FAQ - BYE BAD TATTOO","og_description":"FAQ","og_url":"https:\/\/byebadtattoo.com\/it\/faq\/","og_site_name":"BYE BAD TATTOO","article_publisher":"https:\/\/www.facebook.com\/byebadtattoo","article_modified_time":"2023-05-15T11:10:56+00:00","twitter_card":"summary_large_image","twitter_misc":{"Tempo di lettura stimato":"9 minuti"},"schema":{"@context":"https:\/\/schema.org","@graph":[{"@type":"WebPage","@id":"https:\/\/byebadtattoo.com\/it\/faq\/","url":"https:\/\/byebadtattoo.com\/it\/faq\/","name":"FAQ - BYE BAD TATTOO","isPartOf":{"@id":"https:\/\/byebadtattoo.com\/#website"},"datePublished":"2023-01-11T14:48:08+00:00","dateModified":"2023-05-15T11:10:56+00:00","breadcrumb":{"@id":"https:\/\/byebadtattoo.com\/it\/faq\/#breadcrumb"},"inLanguage":"it-IT","potentialAction":[{"@type":"ReadAction","target":["https:\/\/byebadtattoo.com\/it\/faq\/"]}]},{"@type":"BreadcrumbList","@id":"https:\/\/byebadtattoo.com\/it\/faq\/#breadcrumb","itemListElement":[{"@type":"ListItem","position":1,"name":"Accueil","item":"https:\/\/byebadtattoo.com\/it\/casa\/"},{"@type":"ListItem","position":2,"name":"FAQ"}]},{"@type":"WebSite","@id":"https:\/\/byebadtattoo.com\/#website","url":"https:\/\/byebadtattoo.com\/","name":"BYE BAD TATTOO","description":"TATTOO REMOVAL CLINIC","publisher":{"@id":"https:\/\/byebadtattoo.com\/#organization"},"potentialAction":[{"@type":"SearchAction","target":{"@type":"EntryPoint","urlTemplate":"https:\/\/byebadtattoo.com\/?s={search_term_string}"},"query-input":{"@type":"PropertyValueSpecification","valueRequired":true,"valueName":"search_term_string"}}],"inLanguage":"it-IT"},{"@type":"Organization","@id":"https:\/\/byebadtattoo.com\/#organization","name":"BYE BAD TATTOO","url":"https:\/\/byebadtattoo.com\/","logo":{"@type":"ImageObject","inLanguage":"it-IT","@id":"https:\/\/byebadtattoo.com\/#\/schema\/logo\/image\/","url":"https:\/\/byebadtattoo.com\/wp-content\/uploads\/2022\/10\/logo.png","contentUrl":"https:\/\/byebadtattoo.com\/wp-content\/uploads\/2022\/10\/logo.png","width":650,"height":650,"caption":"BYE BAD TATTOO"},"image":{"@id":"https:\/\/byebadtattoo.com\/#\/schema\/logo\/image\/"},"sameAs":["https:\/\/www.facebook.com\/byebadtattoo","https:\/\/www.instagram.com\/byebadtattoo\/"]}]}},"_links":{"self":[{"href":"https:\/\/byebadtattoo.com\/it\/wp-json\/wp\/v2\/pages\/389181","targetHints":{"allow":["GET"]}}],"collection":[{"href":"https:\/\/byebadtattoo.com\/it\/wp-json\/wp\/v2\/pages"}],"about":[{"href":"https:\/\/byebadtattoo.com\/it\/wp-json\/wp\/v2\/types\/page"}],"author":[{"embeddable":true,"href":"https:\/\/byebadtattoo.com\/it\/wp-json\/wp\/v2\/users\/1"}],"replies":[{"embeddable":true,"href":"https:\/\/byebadtattoo.com\/it\/wp-json\/wp\/v2\/comments?post=389181"}],"version-history":[{"count":2,"href":"https:\/\/byebadtattoo.com\/it\/wp-json\/wp\/v2\/pages\/389181\/revisions"}],"predecessor-version":[{"id":389183,"href":"https:\/\/byebadtattoo.com\/it\/wp-json\/wp\/v2\/pages\/389181\/revisions\/389183"}],"wp:attachment":[{"href":"https:\/\/byebadtattoo.com\/it\/wp-json\/wp\/v2\/media?parent=389181"}],"curies":[{"name":"wp","href":"https:\/\/api.w.org\/{rel}","templated":true}]}}